{"id":40,"date":"2022-10-31T17:15:31","date_gmt":"2022-10-31T16:15:31","guid":{"rendered":"https:\/\/klc-trade.de\/?page_id=40"},"modified":"2022-10-31T22:18:54","modified_gmt":"2022-10-31T21:18:54","slug":"plan-du-site","status":"publish","type":"page","link":"https:\/\/klc-trade.de\/fr\/plan-du-site\/","title":{"rendered":"Plan du site"},"content":{"rendered":"<div class=\"gb-container gb-container-88ea547b\"><div class=\"gb-inside-container\">\n\n<ul class=\"has-contrast-color has-text-color wp-block-list\"><li><a href=\"https:\/\/klc-trade.de\/fr\/\" data-type=\"page\" data-id=\"15\">Bienvenue sur<\/a><\/li><li><a href=\"https:\/\/klc-trade.de\/fr\/entreprise\/\" data-type=\"page\" data-id=\"34\">Entreprise<\/a><\/li><li><a href=\"https:\/\/klc-trade.de\/fr\/produkte\/\" data-type=\"page\" data-id=\"35\">Produits<\/a><ul><li><a href=\"https:\/\/klc-trade.de\/fr\/2022\/10\/31\/sk-din-iso-7388-1-ad-din-69871\/\" data-type=\"post\" data-id=\"158\">SK DIN ISO 7388-1 AD<\/a><\/li><li><a href=\"https:\/\/klc-trade.de\/fr\/2022\/10\/31\/bt-din-iso-7388-2-ad-jis-b-6339-mas-403-bt\/\" data-type=\"post\" data-id=\"175\">BT DIN ISO 7388-2 AD<\/a><\/li><li><a href=\"https:\/\/klc-trade.de\/fr\/2022\/10\/31\/hsk-iso-12164-1din-69893-1\/\" data-type=\"post\" data-id=\"191\">HSK ISO 12164-1<\/a><\/li><li><a href=\"https:\/\/klc-trade.de\/fr\/2022\/10\/31\/din-2080-sk\/\" data-type=\"post\" data-id=\"197\">DIN 2080 SK<\/a><\/li><li><a href=\"https:\/\/klc-trade.de\/fr\/2022\/10\/31\/accessoires\/\" data-type=\"post\" data-id=\"203\">Accessoires<\/a><\/li><\/ul><\/li><li><a href=\"https:\/\/klc-trade.de\/fr\/qualite\/\" data-type=\"page\" data-id=\"36\">Qualit\u00e9<\/a><\/li><li><a href=\"https:\/\/klc-trade.de\/fr\/contact\/\" data-type=\"page\" data-id=\"37\">Contact<\/a><\/li><li><a href=\"https:\/\/klc-trade.de\/fr\/mentions-legales\/\" data-type=\"page\" data-id=\"38\">Mentions l\u00e9gales<\/a><\/li><li><a href=\"https:\/\/klc-trade.de\/fr\/protection-des-donnees\/\" data-type=\"page\" data-id=\"39\">Protection des donn\u00e9es<\/a><\/li><li><a href=\"https:\/\/klc-trade.de\/fr\/plan-du-site\/\" data-type=\"page\" data-id=\"40\">Plan du site<\/a><\/li><\/ul>\n\n<\/div><\/div>\n\n\n<p><\/p>","protected":false},"excerpt":{"rendered":"<p>Bienvenue Soci\u00e9t\u00e9 Produits SK DIN ISO 7388-1 AD BT DIN ISO 7388-2 AD HSK ISO 12164-1 DIN 2080 SK Accessoires Qualit\u00e9 Contact Mentions l\u00e9gales Protection des donn\u00e9es Sitemap<\/p>","protected":false},"author":1,"featured_media":0,"parent":0,"menu_order":0,"comment_status":"closed","ping_status":"closed","template":"","meta":{"_acf_changed":false,"slim_seo":{"title":"Plan du site - SOLUTIONS pour machines CNC","description":""},"footnotes":""},"class_list":["post-40","page","type-page","status-publish"],"acf":[],"_links":{"self":[{"href":"https:\/\/klc-trade.de\/fr\/wp-json\/wp\/v2\/pages\/40","targetHints":{"allow":["GET"]}}],"collection":[{"href":"https:\/\/klc-trade.de\/fr\/wp-json\/wp\/v2\/pages"}],"about":[{"href":"https:\/\/klc-trade.de\/fr\/wp-json\/wp\/v2\/types\/page"}],"author":[{"embeddable":true,"href":"https:\/\/klc-trade.de\/fr\/wp-json\/wp\/v2\/users\/1"}],"replies":[{"embeddable":true,"href":"https:\/\/klc-trade.de\/fr\/wp-json\/wp\/v2\/comments?post=40"}],"version-history":[{"count":5,"href":"https:\/\/klc-trade.de\/fr\/wp-json\/wp\/v2\/pages\/40\/revisions"}],"predecessor-version":[{"id":215,"href":"https:\/\/klc-trade.de\/fr\/wp-json\/wp\/v2\/pages\/40\/revisions\/215"}],"wp:attachment":[{"href":"https:\/\/klc-trade.de\/fr\/wp-json\/wp\/v2\/media?parent=40"}],"curies":[{"name":"wp","href":"https:\/\/api.w.org\/{rel}","templated":true}]}}