{"id":38,"date":"2022-10-31T17:15:31","date_gmt":"2022-10-31T16:15:31","guid":{"rendered":"https:\/\/klc-trade.de\/?page_id=38"},"modified":"2022-11-09T13:24:38","modified_gmt":"2022-11-09T12:24:38","slug":"mentions-legales","status":"publish","type":"page","link":"https:\/\/klc-trade.de\/fr\/mentions-legales\/","title":{"rendered":"Mentions l\u00e9gales"},"content":{"rendered":"<div class=\"gb-container gb-container-2e7ccbc2\"><div class=\"gb-inside-container\">\n\n<h1 class=\"gb-headline gb-headline-1955ea55 gb-headline-text\">Mentions l\u00e9gales<\/h1>\n\n\n\n<div class=\"wp-block-columns is-layout-flex wp-container-core-columns-is-layout-9d6595d7 wp-block-columns-is-layout-flex\">\n<div class=\"wp-block-column is-layout-flow wp-block-column-is-layout-flow\" style=\"flex-basis:66.66%\">\n<h3 class=\"wp-block-heading\">Responsabilit\u00e9 du contenu<\/h3>\n\n\n\n<p>Le contenu de notre site web a \u00e9t\u00e9 \u00e9labor\u00e9 avec le plus grand soin. N\u00e9anmoins, nous ne pouvons pas garantir l'exactitude, l'exhaustivit\u00e9 et l'actualit\u00e9 des informations qu'il contient. Toute responsabilit\u00e9 pour des dommages r\u00e9sultant directement ou indirectement de l'utilisation de ce site est exclue, sauf en cas de pr\u00e9m\u00e9ditation ou de n\u00e9gligence grave.<\/p>\n\n\n\n<p>En tant que prestataire de services, nous sommes responsables, conform\u00e9ment au \u00a7 7 alin\u00e9a 1 de la loi allemande sur les t\u00e9l\u00e9m\u00e9dias (TMG), de nos propres contenus sur ces pages selon les lois g\u00e9n\u00e9rales. Selon les \u00a7\u00a7 8 \u00e0 10 de la TMG, nous ne sommes toutefois pas tenus, en tant que prestataire de services, de surveiller les informations externes transmises ou enregistr\u00e9es ou de rechercher les circonstances qui indiquent une activit\u00e9 ill\u00e9gale. Les obligations de supprimer ou de bloquer l'utilisation d'informations conform\u00e9ment aux lois g\u00e9n\u00e9rales ne sont pas affect\u00e9es par cette disposition. Une responsabilit\u00e9 \u00e0 cet \u00e9gard n'est toutefois possible qu'\u00e0 partir du moment o\u00f9 une violation concr\u00e8te de la loi est connue. D\u00e8s que nous aurons connaissance d'une telle violation, nous supprimerons imm\u00e9diatement les contenus concern\u00e9s.<\/p>\n\n\n\n<h3 class=\"wp-block-heading\">Responsabilit\u00e9 pour les liens<\/h3>\n\n\n\n<p>Notre offre contient des liens vers des sites web externes de tiers, sur le contenu desquels nous n'avons aucune influence. C'est pourquoi nous ne pouvons pas non plus nous porter garants de ces contenus externes. Le fournisseur ou l'exploitant des pages li\u00e9es est toujours responsable des contenus de ces pages. Les pages li\u00e9es ont \u00e9t\u00e9 contr\u00f4l\u00e9es au moment de la mise en place des liens afin de v\u00e9rifier qu'elles n'enfreignaient pas la loi.<br>Aucun contenu ill\u00e9gal n'a \u00e9t\u00e9 identifi\u00e9 au moment de la cr\u00e9ation des liens. Un contr\u00f4le permanent du contenu des pages li\u00e9es n'est cependant pas exigible sans indices concrets d'une violation de la loi. D\u00e8s que nous aurons connaissance d'une violation de la loi, nous supprimerons imm\u00e9diatement les liens concern\u00e9s.<\/p>\n\n\n\n<h3 class=\"wp-block-heading\">Droit d'auteur - photos et textes<\/h3>\n\n\n\n<p>KLC Trade GmbH d\u00e9tient tous les droits sur les images publi\u00e9es. Les droits d'auteur ne sont pas transf\u00e9rables. Les textes de ce site web ont tous \u00e9t\u00e9 r\u00e9dig\u00e9s par nos soins, sauf mention contraire. Toute publication de textes issus de ce site \u00e0 un autre endroit est interdite sans notre autorisation expresse. Dans la mesure o\u00f9 les contenus de ce site n'ont pas \u00e9t\u00e9 cr\u00e9\u00e9s par l'exploitant, les droits d'auteur de tiers sont respect\u00e9s. Si vous deviez n\u00e9anmoins constater une violation des droits d'auteur, nous vous prions de nous en informer. D\u00e8s que nous aurons connaissance d'une violation de la loi, nous supprimerons imm\u00e9diatement les contenus concern\u00e9s.<\/p>\n\n\n\n<p>La mention de produits ou de marchandises est faite uniquement \u00e0 titre d'information, les marques et noms de marque utilis\u00e9s sont la propri\u00e9t\u00e9 de leurs propri\u00e9taires respectifs.<\/p>\n\n\n\n<p><strong>R\u00e9alisation et maintenance du site web<\/strong>:<br><a rel=\"noreferrer noopener\" href=\"https:\/\/julianstark.de\/?utm_source=kd_page&amp;utm_medium=klc-trade&amp;utm_campaign=klc-trade_impressum\" target=\"_blank\">Julian Stark - D\u00e9veloppement web WordPress T\u00fcbingen<\/a><\/p>\n\n\n\n<p><strong>Photos<\/strong>:<br>KLC Trade GmbH<br>Les images suivantes ont \u00e9t\u00e9 achet\u00e9es avec l'aimable autorisation de la biblioth\u00e8que d'images Adobe Stock \u00e0 des fins d'illustration :<br>machine de fraisage cnc dans l'industrie du travail des m\u00e9taux. Fabrication et usinage de pr\u00e9cision multi-outils<br>Par Kadmy ; FICHIER N\u00b0 : 273085983<br>L'illustration de fond de la page BIENVENUE est de Fotolia.<\/p>\n\n\n\n<p><strong>Responsable du contenu selon \u00a7 5 TMG et \u00a7 55 Abs. 2 RStV :<\/strong><br>Kivanc Kilic, directeur g\u00e9n\u00e9ral<br><br><\/p>\n\n\n\n<h4 class=\"wp-block-heading\">KLC Trade GmbH<\/h4>\n\n\n\n<p>Hallstattstr. 17, 72144 Du\u00dflingen<\/p>\n\n\n\n<p><\/p>\n\n\n\n<p><\/p>\n<\/div>\n\n\n\n<div class=\"wp-block-column is-layout-flow wp-block-column-is-layout-flow\" style=\"flex-basis:33.33%\">\n<p class=\"gb-headline gb-headline-55166fdc gb-headline-text\"><strong>Responsable du contenu selon \u00a7 5 TMG et \u00a7 55 Abs. 2 RStV :<\/strong><br>Kivanc Kilic, directeur g\u00e9n\u00e9ral<\/p>\n\n\n\n<h4 class=\"wp-block-heading\"><strong>KLC Trade GmbH<\/strong><\/h4>\n\n\n\n<p>Hallstattstr. 17<br>72144 Du\u00dflingen \/ Allemagne<\/p>\n\n\n\n<p><strong>Num\u00e9ro de TVA<\/strong>&nbsp;FR 301 820 732<\/p>\n\n\n\n<p>T. +49 (0) 7072 2088600<br>F. +49 (0) 7072 2088601<\/p>\n\n\n\n<p>info(at)klc-trade.com<br>www.klc-trade.com<\/p>\n<\/div>\n<\/div>\n\n<\/div><\/div>","protected":false},"excerpt":{"rendered":"<p>Mentions l\u00e9gales Responsabilit\u00e9 pour les contenus Les contenus de notre site Internet ont \u00e9t\u00e9 \u00e9labor\u00e9s avec le plus grand soin. N\u00e9anmoins, nous ne pouvons pas garantir l'exactitude, l'exhaustivit\u00e9 et l'actualit\u00e9 des informations contenues. Toute responsabilit\u00e9 pour des dommages r\u00e9sultant directement ou indirectement de l'utilisation de ce site est exclue, sauf en cas de pr\u00e9m\u00e9ditation ou de n\u00e9gligence grave. En tant que prestataire de services ... <a title=\"Mentions l\u00e9gales\" class=\"read-more\" href=\"https:\/\/klc-trade.de\/fr\/mentions-legales\/\" aria-label=\"En savoir plus sur Mentions l\u00e9gales\">Lire la suite ...<\/a><\/p>","protected":false},"author":1,"featured_media":0,"parent":0,"menu_order":0,"comment_status":"closed","ping_status":"closed","template":"","meta":{"_acf_changed":false,"slim_seo":{"title":"Mentions l\u00e9gales - SOLUTIONS pour machines CNC","description":""},"footnotes":""},"class_list":["post-38","page","type-page","status-publish"],"acf":[],"_links":{"self":[{"href":"https:\/\/klc-trade.de\/fr\/wp-json\/wp\/v2\/pages\/38","targetHints":{"allow":["GET"]}}],"collection":[{"href":"https:\/\/klc-trade.de\/fr\/wp-json\/wp\/v2\/pages"}],"about":[{"href":"https:\/\/klc-trade.de\/fr\/wp-json\/wp\/v2\/types\/page"}],"author":[{"embeddable":true,"href":"https:\/\/klc-trade.de\/fr\/wp-json\/wp\/v2\/users\/1"}],"replies":[{"embeddable":true,"href":"https:\/\/klc-trade.de\/fr\/wp-json\/wp\/v2\/comments?post=38"}],"version-history":[{"count":8,"href":"https:\/\/klc-trade.de\/fr\/wp-json\/wp\/v2\/pages\/38\/revisions"}],"predecessor-version":[{"id":856,"href":"https:\/\/klc-trade.de\/fr\/wp-json\/wp\/v2\/pages\/38\/revisions\/856"}],"wp:attachment":[{"href":"https:\/\/klc-trade.de\/fr\/wp-json\/wp\/v2\/media?parent=38"}],"curies":[{"name":"wp","href":"https:\/\/api.w.org\/{rel}","templated":true}]}}