{"id":36,"date":"2022-10-31T17:15:31","date_gmt":"2022-10-31T16:15:31","guid":{"rendered":"https:\/\/klc-trade.de\/?page_id=36"},"modified":"2022-11-08T17:12:06","modified_gmt":"2022-11-08T16:12:06","slug":"qualite","status":"publish","type":"page","link":"https:\/\/klc-trade.de\/fr\/qualite\/","title":{"rendered":"Qualit\u00e9"},"content":{"rendered":"<figure class=\"wp-block-image size-full qualit\u00e4t_hero\"><img loading=\"lazy\" decoding=\"async\" width=\"960\" height=\"500\" src=\"http:\/\/klc-trade.de\/wp-content\/uploads\/2022\/10\/stacks-image-7216d4a.jpg\" alt=\"\" class=\"wp-image-87\" srcset=\"https:\/\/klc-trade.de\/wp-content\/uploads\/2022\/10\/stacks-image-7216d4a.jpg 960w, https:\/\/klc-trade.de\/wp-content\/uploads\/2022\/10\/stacks-image-7216d4a-300x156.jpg 300w, https:\/\/klc-trade.de\/wp-content\/uploads\/2022\/10\/stacks-image-7216d4a-768x400.jpg 768w\" sizes=\"auto, (max-width: 960px) 100vw, 960px\" \/><\/figure>\n\n\n<div class=\"gb-container gb-container-6060bbc5\"><div class=\"gb-inside-container\">\n\n<h1 class=\"gb-headline gb-headline-b4ab75bf gb-headline-text\">C'est ici que na\u00eet la qualit\u00e9<\/h1>\n\n<\/div><\/div>\n\n<div class=\"gb-container gb-container-2e7ccbc2\"><div class=\"gb-inside-container\">\n\n<p><strong>Mat\u00e9riau :&nbsp;<\/strong>Acier de c\u00e9mentation alli\u00e9 avec une r\u00e9sistance \u00e0 la traction \u00e0 c\u0153ur d'au moins 950 N\/mm<sup>2<\/sup><br><strong>Ex\u00e9cution :&nbsp;<\/strong>C\u00e9ment\u00e9 HRC 58+ 2 (HV 700 + 50) Profondeur de trempe 0,8 mm + 0,2 mm<br><strong>Pr\u00e9cision :&nbsp;<\/strong>Angle de c\u00f4ne - qualit\u00e9 de tol\u00e9rance AT 3 selon DIN 2080 Rugosit\u00e9 de surface du c\u00f4ne max. 0,001 mm<\/p>\n\n<\/div><\/div>\n\n<div class=\"gb-container gb-container-453ddd38\"><div class=\"gb-inside-container\">\n\n<div class=\"wp-block-columns is-layout-flex wp-container-core-columns-is-layout-9d6595d7 wp-block-columns-is-layout-flex\">\n<div class=\"wp-block-column is-layout-flow wp-block-column-is-layout-flow\">\n<h3 class=\"wp-block-heading\">Exp\u00e9rience, fiable et flexible<\/h3>\n\n\n\n<p>Tout au long du processus de production, nous travaillons selon les normes de qualit\u00e9 les plus strictes afin de garantir en permanence la qualit\u00e9 \u00e9lev\u00e9e de nos produits. D\u00e8s l'achat des mati\u00e8res premi\u00e8res, en passant par la fabrication des produits, jusqu'\u00e0 la livraison \u00e0 nos clients, l'ensemble du processus est soumis \u00e0 un contr\u00f4le de qualit\u00e9 minutieux.<br>L'ensemble du processus est soutenu par un syst\u00e8me efficace de gestion de la qualit\u00e9, certifi\u00e9 ISO 9001:2015.<\/p>\n<\/div>\n\n\n\n<div class=\"wp-block-column is-layout-flow wp-block-column-is-layout-flow\">\n<figure class=\"wp-block-image size-full\"><img loading=\"lazy\" decoding=\"async\" width=\"480\" height=\"530\" src=\"http:\/\/klc-trade.de\/wp-content\/uploads\/2022\/10\/stacks-image-d8ef0fd.jpg\" alt=\"\" class=\"wp-image-115\" srcset=\"https:\/\/klc-trade.de\/wp-content\/uploads\/2022\/10\/stacks-image-d8ef0fd.jpg 480w, https:\/\/klc-trade.de\/wp-content\/uploads\/2022\/10\/stacks-image-d8ef0fd-272x300.jpg 272w\" sizes=\"auto, (max-width: 480px) 100vw, 480px\" \/><\/figure>\n<\/div>\n<\/div>\n\n<\/div><\/div>","protected":false},"excerpt":{"rendered":"<p>C'est ici que na\u00eet la qualit\u00e9 Mat\u00e9riau : Acier de c\u00e9mentation alli\u00e9 avec une r\u00e9sistance \u00e0 la traction \u00e0 c\u0153ur d'au moins 950 N\/mm2Ex\u00e9cution : C\u00e9ment\u00e9 et tremp\u00e9 HRC 58+ 2 (HV 700 + 50) Profondeur de trempe 0,8 mm + 0,2 mmPr\u00e9cision : Angle de c\u00f4ne - qualit\u00e9 de tol\u00e9rance AT 3 selon DIN 2080 Rugosit\u00e9 de surface du c\u00f4ne max. 0,001 mm Exp\u00e9riment\u00e9s, fiables et flexibles Tout au long du processus de production, nous travaillons selon les crit\u00e8res de qualit\u00e9 les plus \u00e9lev\u00e9s afin de toujours ... <a title=\"Qualit\u00e9\" class=\"read-more\" href=\"https:\/\/klc-trade.de\/fr\/qualite\/\" aria-label=\"En savoir plus sur Qualit\u00e9\">Lire la suite ...<\/a><\/p>","protected":false},"author":1,"featured_media":0,"parent":0,"menu_order":0,"comment_status":"closed","ping_status":"closed","template":"","meta":{"_acf_changed":false,"slim_seo":{"title":"Qualit\u00e9 - SOLUTIONS pour machines CNC","description":""},"footnotes":""},"class_list":["post-36","page","type-page","status-publish"],"acf":[],"_links":{"self":[{"href":"https:\/\/klc-trade.de\/fr\/wp-json\/wp\/v2\/pages\/36","targetHints":{"allow":["GET"]}}],"collection":[{"href":"https:\/\/klc-trade.de\/fr\/wp-json\/wp\/v2\/pages"}],"about":[{"href":"https:\/\/klc-trade.de\/fr\/wp-json\/wp\/v2\/types\/page"}],"author":[{"embeddable":true,"href":"https:\/\/klc-trade.de\/fr\/wp-json\/wp\/v2\/users\/1"}],"replies":[{"embeddable":true,"href":"https:\/\/klc-trade.de\/fr\/wp-json\/wp\/v2\/comments?post=36"}],"version-history":[{"count":9,"href":"https:\/\/klc-trade.de\/fr\/wp-json\/wp\/v2\/pages\/36\/revisions"}],"predecessor-version":[{"id":849,"href":"https:\/\/klc-trade.de\/fr\/wp-json\/wp\/v2\/pages\/36\/revisions\/849"}],"wp:attachment":[{"href":"https:\/\/klc-trade.de\/fr\/wp-json\/wp\/v2\/media?parent=36"}],"curies":[{"name":"wp","href":"https:\/\/api.w.org\/{rel}","templated":true}]}}