{"id":34,"date":"2022-10-31T17:15:31","date_gmt":"2022-10-31T16:15:31","guid":{"rendered":"https:\/\/klc-trade.de\/?page_id=34"},"modified":"2023-07-05T11:46:15","modified_gmt":"2023-07-05T09:46:15","slug":"entreprise","status":"publish","type":"page","link":"https:\/\/klc-trade.de\/fr\/entreprise\/","title":{"rendered":"Entreprise"},"content":{"rendered":"<div class=\"gb-container gb-container-6060bbc5\"><div class=\"gb-inside-container\">\n\n<h1 class=\"gb-headline gb-headline-b4ab75bf gb-headline-text\">Entreprise<\/h1>\n\n<\/div><\/div>\n\n<div class=\"gb-container gb-container-49cbec98\"><div class=\"gb-inside-container\">\n\n<div class=\"wp-block-columns is-layout-flex wp-container-core-columns-is-layout-9d6595d7 wp-block-columns-is-layout-flex\">\n<div class=\"wp-block-column is-layout-flow wp-block-column-is-layout-flow\" style=\"flex-basis:66.66%\">\n<h3 class=\"wp-block-heading\">Ce \u00e0 quoi nous veillons et accordons de l'importance<\/h3>\n\n\n\n<p>Les services et les&nbsp;<a href=\"https:\/\/klc-trade.de\/fr\/produkte\/\" data-type=\"page\" data-id=\"35\">Produits de KLC Trade GmbH<\/a>&nbsp;comprennent des pi\u00e8ces d\u00e9tach\u00e9es ainsi que des composants complets autour de la construction m\u00e9canique.<\/p>\n\n\n\n<h4 class=\"wp-block-heading\">Quels sont les avantages pour vous en tant que client ?<\/h4>\n\n\n\n<p>C'est une question qui nous pr\u00e9occupe en permanence. L'une de nos comp\u00e9tences cl\u00e9s est la livraison des pi\u00e8ces tourn\u00e9es ou frais\u00e9es et des porte-outils souhait\u00e9s dans diff\u00e9rentes formes, comme par exemple SK, BT et HSK. Les produits sont fabriqu\u00e9s dans des centres d'usinage CNC ultramodernes. Nous proposons des pi\u00e8ces tourn\u00e9es ou frais\u00e9es de diff\u00e9rentes tailles. Nous pouvons ainsi fournir une solution adapt\u00e9e aux dimensions particuli\u00e8res. Les pi\u00e8ces tourn\u00e9es et frais\u00e9es sont disponibles dans presque toutes les dimensions et sp\u00e9cifications. D\u00e9finissez tout simplement votre&nbsp;<a href=\"https:\/\/klc-trade.de\/fr\/contact\/\" data-type=\"page\" data-id=\"37\">demande individuelle<\/a>&nbsp;en diam\u00e8tre et en longueur.&nbsp;<strong>Nous r\u00e9alisons vos souhaits !<\/strong><\/p>\n\n\n\n<h4 class=\"wp-block-heading\">Nous sommes fabricants et fournisseurs<\/h4>\n\n\n\n<p>Nous fabriquons et livrons des produits dans presque tous les mat\u00e9riaux usinables, comme l'acier, l'acier inoxydable ou les m\u00e9taux non ferreux, en fonction de vos souhaits. Nous travaillons \u00e0 l'approvisionnement et \u00e0 la transformation des mat\u00e9riaux souhait\u00e9s. Car chez nous, vous \u00eates au centre de nos pr\u00e9occupations !&nbsp;<strong>Nous tenons compte de vos exigences<\/strong>&nbsp;en ce qui concerne la protection contre la corrosion, l'usure et le vieillissement et nous vous proposons diverses formes de traitement de surface pour les pi\u00e8ces tourn\u00e9es et frais\u00e9es livr\u00e9es.<\/p>\n\n\n\n<h4 class=\"wp-block-heading\">Nous vous offrons flexibilit\u00e9, qualit\u00e9, pr\u00e9cision et rapidit\u00e9<\/h4>\n\n\n\n<p>De la prise en charge de l'offre au traitement de la commande avec livraison dans les d\u00e9lais - chez nous, vous obtenez tout d'une seule main. Dans ce sens, nous concevons nos processus de mani\u00e8re particuli\u00e8rement fiable et efficace. KLC Trade garantit une utilisation respectueuse des ressources naturelles. Dans toutes les phases de la collaboration, vous pouvez compter sur&nbsp;<a href=\"https:\/\/klc-trade.de\/fr\/qualite\/\" data-type=\"page\" data-id=\"36\">nos normes \u00e9lev\u00e9es<\/a>&nbsp;et \u00e0 l'exigence que nous nous imposons.<\/p>\n\n\n\n<p>Prenez&nbsp;<a href=\"https:\/\/klc-trade.de\/fr\/contact\/\" data-type=\"page\" data-id=\"37\">Contact<\/a>&nbsp;\u00e0 nous&nbsp;<strong>+49 (0) 7072 2088600<\/strong>et laissez-vous convaincre par notre efficacit\u00e9. Profitez de notre exp\u00e9rience.<\/p>\n<\/div>\n\n\n\n<div class=\"wp-block-column is-layout-flow wp-block-column-is-layout-flow\" style=\"flex-basis:33.33%\">\n<figure class=\"wp-block-image size-large\"><img loading=\"lazy\" decoding=\"async\" width=\"768\" height=\"1024\" src=\"http:\/\/klc-trade.de\/wp-content\/uploads\/2022\/10\/stacks-image-b217a56-900x1200-1-768x1024.jpg\" alt=\"\" class=\"wp-image-78\" srcset=\"https:\/\/klc-trade.de\/wp-content\/uploads\/2022\/10\/stacks-image-b217a56-900x1200-1-768x1024.jpg 768w, https:\/\/klc-trade.de\/wp-content\/uploads\/2022\/10\/stacks-image-b217a56-900x1200-1-225x300.jpg 225w, https:\/\/klc-trade.de\/wp-content\/uploads\/2022\/10\/stacks-image-b217a56-900x1200-1.jpg 900w\" sizes=\"auto, (max-width: 768px) 100vw, 768px\" \/><\/figure>\n\n\n\n<blockquote class=\"wp-block-quote is-style-default is-layout-flow wp-block-quote-is-layout-flow\">\n<p><em>Tout doit \u00eatre parfait, tant pour nos produits que pour la collaboration avec nos clients et partenaires. C'est ce que nous entendons par porter la tradition v\u00e9cue dans la modernit\u00e9.<\/em><\/p>\n<cite>Kivanc Kilic,<br>associ\u00e9-g\u00e9rant<\/cite><\/blockquote>\n<\/div>\n<\/div>\n\n<\/div><\/div>","protected":false},"excerpt":{"rendered":"<p>Entreprise Ce \u00e0 quoi nous attachons de l'importance Les services et les produits de KLC Trade GmbH comprennent des pi\u00e8ces d\u00e9tach\u00e9es ainsi que des composants complets pour tout ce qui touche \u00e0 la construction m\u00e9canique. Quels sont vos avantages en tant que client ? C'est une question qui nous pr\u00e9occupe en permanence. L'une de nos comp\u00e9tences cl\u00e9s est la livraison des pi\u00e8ces tourn\u00e9es ou frais\u00e9es et des porte-outils souhait\u00e9s dans diff\u00e9rentes formes, comme par exemple ... <a title=\"Entreprise\" class=\"read-more\" href=\"https:\/\/klc-trade.de\/fr\/entreprise\/\" aria-label=\"En savoir plus sur Entreprise\">Lire la suite ...<\/a><\/p>","protected":false},"author":1,"featured_media":0,"parent":0,"menu_order":0,"comment_status":"closed","ping_status":"closed","template":"","meta":{"_acf_changed":false,"slim_seo":{"title":"Entreprise - SOLUTIONS pour machines CNC","description":""},"footnotes":""},"class_list":["post-34","page","type-page","status-publish"],"acf":[],"_links":{"self":[{"href":"https:\/\/klc-trade.de\/fr\/wp-json\/wp\/v2\/pages\/34","targetHints":{"allow":["GET"]}}],"collection":[{"href":"https:\/\/klc-trade.de\/fr\/wp-json\/wp\/v2\/pages"}],"about":[{"href":"https:\/\/klc-trade.de\/fr\/wp-json\/wp\/v2\/types\/page"}],"author":[{"embeddable":true,"href":"https:\/\/klc-trade.de\/fr\/wp-json\/wp\/v2\/users\/1"}],"replies":[{"embeddable":true,"href":"https:\/\/klc-trade.de\/fr\/wp-json\/wp\/v2\/comments?post=34"}],"version-history":[{"count":6,"href":"https:\/\/klc-trade.de\/fr\/wp-json\/wp\/v2\/pages\/34\/revisions"}],"predecessor-version":[{"id":1132,"href":"https:\/\/klc-trade.de\/fr\/wp-json\/wp\/v2\/pages\/34\/revisions\/1132"}],"wp:attachment":[{"href":"https:\/\/klc-trade.de\/fr\/wp-json\/wp\/v2\/media?parent=34"}],"curies":[{"name":"wp","href":"https:\/\/api.w.org\/{rel}","templated":true}]}}