{"id":203,"date":"2022-10-31T22:12:39","date_gmt":"2022-10-31T21:12:39","guid":{"rendered":"https:\/\/klc-trade.de\/?p=203"},"modified":"2023-01-05T11:53:53","modified_gmt":"2023-01-05T10:53:53","slug":"accessoires","status":"publish","type":"page","link":"https:\/\/klc-trade.de\/fr\/groupes-de-produits\/accessoires\/","title":{"rendered":"Accessoires"},"content":{"rendered":"<div class=\"gb-container gb-container-f9eb5fd6\"><div class=\"gb-inside-container\">\n\n<h2 class=\"gb-headline gb-headline-374bbd93 gb-headline-text\"><strong>Accessoires<\/strong><\/h2>\n\n\n\n<p><strong>Ecrou de serrage ER DIN 6499\/ DIN 6388 (OZ) Version standard - \u00e9quilibr\u00e9e<\/strong><\/p>\n\n\n<div class=\"wp-block-image\">\n<figure class=\"aligncenter size-full\"><img loading=\"lazy\" decoding=\"async\" width=\"679\" height=\"916\" src=\"https:\/\/klc-trade.de\/wp-content\/uploads\/2023\/01\/stacks-image-b2dd730-796x1200-1-679x1024-1.png\" alt=\"\" class=\"wp-image-1103\" srcset=\"https:\/\/klc-trade.de\/wp-content\/uploads\/2023\/01\/stacks-image-b2dd730-796x1200-1-679x1024-1.png 679w, https:\/\/klc-trade.de\/wp-content\/uploads\/2023\/01\/stacks-image-b2dd730-796x1200-1-679x1024-1-222x300.png 222w, https:\/\/klc-trade.de\/wp-content\/uploads\/2023\/01\/stacks-image-b2dd730-796x1200-1-679x1024-1-9x12.png 9w\" sizes=\"auto, (max-width: 679px) 100vw, 679px\" \/><\/figure>\n<\/div>\n\n\n<hr class=\"wp-block-separator has-text-color has-contrast-3-color has-alpha-channel-opacity has-contrast-3-background-color has-background\"\/>\n\n\n\n<p><strong>Vis de serrage de la fraise DIN 6367<\/strong><\/p>\n\n\n<div class=\"wp-block-image\">\n<figure class=\"aligncenter size-full\"><img loading=\"lazy\" decoding=\"async\" width=\"614\" height=\"622\" src=\"https:\/\/klc-trade.de\/wp-content\/uploads\/2023\/01\/stacks-image-5a37ef3.jpg\" alt=\"\" class=\"wp-image-1104\" srcset=\"https:\/\/klc-trade.de\/wp-content\/uploads\/2023\/01\/stacks-image-5a37ef3.jpg 614w, https:\/\/klc-trade.de\/wp-content\/uploads\/2023\/01\/stacks-image-5a37ef3-296x300.jpg 296w, https:\/\/klc-trade.de\/wp-content\/uploads\/2023\/01\/stacks-image-5a37ef3-12x12.jpg 12w\" sizes=\"auto, (max-width: 614px) 100vw, 614px\" \/><\/figure>\n<\/div>\n\n\n<hr class=\"wp-block-separator has-text-color has-contrast-3-color has-alpha-channel-opacity has-contrast-3-background-color has-background\"\/>\n\n\n\n<p><strong>Bagues d'entra\u00eenement DIN 6366<\/strong><\/p>\n\n\n<div class=\"wp-block-image\">\n<figure class=\"aligncenter size-full\"><img loading=\"lazy\" decoding=\"async\" width=\"580\" height=\"554\" src=\"https:\/\/klc-trade.de\/wp-content\/uploads\/2023\/01\/stacks-image-8af679a.png\" alt=\"\" class=\"wp-image-1105\" srcset=\"https:\/\/klc-trade.de\/wp-content\/uploads\/2023\/01\/stacks-image-8af679a.png 580w, https:\/\/klc-trade.de\/wp-content\/uploads\/2023\/01\/stacks-image-8af679a-300x287.png 300w, https:\/\/klc-trade.de\/wp-content\/uploads\/2023\/01\/stacks-image-8af679a-13x12.png 13w\" sizes=\"auto, (max-width: 580px) 100vw, 580px\" \/><\/figure>\n<\/div>\n\n\n<hr class=\"wp-block-separator has-text-color has-contrast-3-color has-alpha-channel-opacity has-contrast-3-background-color has-background\"\/>\n\n\n\n<p><strong>Resort de passage<\/strong><\/p>\n\n\n<div class=\"wp-block-image\">\n<figure class=\"aligncenter size-full\"><img loading=\"lazy\" decoding=\"async\" width=\"516\" height=\"722\" src=\"https:\/\/klc-trade.de\/wp-content\/uploads\/2023\/01\/stacks-image-8af679a-1.png\" alt=\"\" class=\"wp-image-1106\" srcset=\"https:\/\/klc-trade.de\/wp-content\/uploads\/2023\/01\/stacks-image-8af679a-1.png 516w, https:\/\/klc-trade.de\/wp-content\/uploads\/2023\/01\/stacks-image-8af679a-1-214x300.png 214w, https:\/\/klc-trade.de\/wp-content\/uploads\/2023\/01\/stacks-image-8af679a-1-9x12.png 9w\" sizes=\"auto, (max-width: 516px) 100vw, 516px\" \/><\/figure>\n<\/div>\n\n\n<hr class=\"wp-block-separator has-text-color has-contrast-3-color has-alpha-channel-opacity has-contrast-3-background-color has-background\"\/>\n\n\n\n<p><strong>Resort de passage<\/strong><\/p>\n\n\n<div class=\"wp-block-image\">\n<figure class=\"aligncenter size-full\"><img loading=\"lazy\" decoding=\"async\" width=\"642\" height=\"916\" src=\"https:\/\/klc-trade.de\/wp-content\/uploads\/2023\/01\/stacks-image-a046610-642x1024-1.jpg\" alt=\"\" class=\"wp-image-1107\" srcset=\"https:\/\/klc-trade.de\/wp-content\/uploads\/2023\/01\/stacks-image-a046610-642x1024-1.jpg 642w, https:\/\/klc-trade.de\/wp-content\/uploads\/2023\/01\/stacks-image-a046610-642x1024-1-210x300.jpg 210w, https:\/\/klc-trade.de\/wp-content\/uploads\/2023\/01\/stacks-image-a046610-642x1024-1-8x12.jpg 8w\" sizes=\"auto, (max-width: 642px) 100vw, 642px\" \/><\/figure>\n<\/div>\n\n\n<p class=\"gb-headline gb-headline-d28631c5 gb-headline-text\"><strong>Cliquez ici : <\/strong><a href=\"https:\/\/klc-trade.de\/fr\/groupes-de-produits\/accessoires\/\">Retour au sommaire Accessoires<\/a><\/p>\n\n<\/div><\/div>","protected":false},"excerpt":{"rendered":"<p>Accessoires Ecrou de serrage ER DIN 6499\/ DIN 6388 (OZ) Version standard - \u00e9quilibr\u00e9e Vis de serrage de la fraise DIN 6367 Bagues d'entra\u00eenement DIN 6366 Pierres d'entra\u00eenement avec vis Pierres d'entra\u00eenement avec vis Cliquez ici : Retour \u00e0 l'aper\u00e7u Accessoires<\/p>","protected":false},"author":1,"featured_media":204,"parent":35,"menu_order":0,"comment_status":"closed","ping_status":"closed","template":"","meta":{"_acf_changed":false,"slim_seo":{"title":"Accessoires - SOLUTIONS pour machines CNC","description":""},"footnotes":""},"class_list":["post-203","page","type-page","status-publish","has-post-thumbnail"],"acf":[],"_links":{"self":[{"href":"https:\/\/klc-trade.de\/fr\/wp-json\/wp\/v2\/pages\/203","targetHints":{"allow":["GET"]}}],"collection":[{"href":"https:\/\/klc-trade.de\/fr\/wp-json\/wp\/v2\/pages"}],"about":[{"href":"https:\/\/klc-trade.de\/fr\/wp-json\/wp\/v2\/types\/page"}],"author":[{"embeddable":true,"href":"https:\/\/klc-trade.de\/fr\/wp-json\/wp\/v2\/users\/1"}],"replies":[{"embeddable":true,"href":"https:\/\/klc-trade.de\/fr\/wp-json\/wp\/v2\/comments?post=203"}],"version-history":[{"count":13,"href":"https:\/\/klc-trade.de\/fr\/wp-json\/wp\/v2\/pages\/203\/revisions"}],"predecessor-version":[{"id":1110,"href":"https:\/\/klc-trade.de\/fr\/wp-json\/wp\/v2\/pages\/203\/revisions\/1110"}],"up":[{"embeddable":true,"href":"https:\/\/klc-trade.de\/fr\/wp-json\/wp\/v2\/pages\/35"}],"wp:featuredmedia":[{"embeddable":true,"href":"https:\/\/klc-trade.de\/fr\/wp-json\/wp\/v2\/media\/204"}],"wp:attachment":[{"href":"https:\/\/klc-trade.de\/fr\/wp-json\/wp\/v2\/media?parent=203"}],"curies":[{"name":"wp","href":"https:\/\/api.w.org\/{rel}","templated":true}]}}