{"id":197,"date":"2022-10-31T22:06:20","date_gmt":"2022-10-31T21:06:20","guid":{"rendered":"https:\/\/klc-trade.de\/?p=197"},"modified":"2023-01-05T10:43:41","modified_gmt":"2023-01-05T09:43:41","slug":"din-2080-sk","status":"publish","type":"page","link":"https:\/\/klc-trade.de\/fr\/groupes-de-produits\/din-2080-sk\/","title":{"rendered":"DIN 2080 SK"},"content":{"rendered":"<div class=\"gb-container gb-container-68d0122e\"><div class=\"gb-inside-container\">\n\n<h2 class=\"gb-headline gb-headline-46348711 gb-headline-text\">DIN 2080 SK<\/h2>\n\n\n\n<figure class=\"wp-block-image size-full\"><img loading=\"lazy\" decoding=\"async\" width=\"878\" height=\"522\" src=\"http:\/\/klc-trade.de\/wp-content\/uploads\/2022\/10\/stacks-image-2c3ee43.jpg\" alt=\"\" class=\"wp-image-199\" srcset=\"https:\/\/klc-trade.de\/wp-content\/uploads\/2022\/10\/stacks-image-2c3ee43.jpg 878w, https:\/\/klc-trade.de\/wp-content\/uploads\/2022\/10\/stacks-image-2c3ee43-300x178.jpg 300w, https:\/\/klc-trade.de\/wp-content\/uploads\/2022\/10\/stacks-image-2c3ee43-768x457.jpg 768w\" sizes=\"auto, (max-width: 878px) 100vw, 878px\" \/><\/figure>\n\n\n\n<div class=\"wp-block-query is-layout-flow wp-block-query-is-layout-flow\"><ul class=\"is-flex-container columns-3 wp-block-post-template is-layout-flow wp-block-post-template-is-layout-flow\"><li class=\"wp-block-post post-600 produkt type-produkt status-publish has-post-thumbnail hentry category-din\">\n<div class=\"gb-container gb-container-20db8020\"><div class=\"gb-inside-container\">\n<figure class=\"wp-block-post-featured-image\"><a href=\"https:\/\/klc-trade.de\/fr\/produit\/mandrin-a-pinces-din-6499-er-oz\/\" target=\"_self\"  ><img loading=\"lazy\" decoding=\"async\" width=\"400\" height=\"400\" src=\"https:\/\/klc-trade.de\/wp-content\/uploads\/2022\/11\/stacks-image-eb6bde1.jpg\" class=\"attachment-post-thumbnail size-post-thumbnail wp-post-image\" alt=\"Mandrins \u00e0 pinces DIN 6499 ER \/ OZ\" style=\"object-fit:cover;\" srcset=\"https:\/\/klc-trade.de\/wp-content\/uploads\/2022\/11\/stacks-image-eb6bde1.jpg 400w, https:\/\/klc-trade.de\/wp-content\/uploads\/2022\/11\/stacks-image-eb6bde1-300x300.jpg 300w, https:\/\/klc-trade.de\/wp-content\/uploads\/2022\/11\/stacks-image-eb6bde1-150x150.jpg 150w\" sizes=\"auto, (max-width: 400px) 100vw, 400px\" \/><\/a><\/figure>\n\n<div class=\"gb-container gb-container-026cf8f7\"><div class=\"gb-inside-container\">\n<h5 style=\"font-style:normal;font-weight:700;\" class=\"wp-block-post-title\">Mandrins \u00e0 pinces DIN 6499 ER \/ OZ<\/h5>\n<\/div><\/div>\n<\/div><\/div>\n<\/li><li class=\"wp-block-post post-605 produkt type-produkt status-publish has-post-thumbnail hentry category-din\">\n<div class=\"gb-container gb-container-20db8020\"><div class=\"gb-inside-container\">\n<figure class=\"wp-block-post-featured-image\"><a href=\"https:\/\/klc-trade.de\/fr\/produit\/fraeseraufnahme-din-6359-zylinderschaefte-din-1835-b-4\/\" target=\"_self\"  ><img loading=\"lazy\" decoding=\"async\" width=\"400\" height=\"400\" src=\"https:\/\/klc-trade.de\/wp-content\/uploads\/2022\/11\/stacks-image-e7d79b2.jpg\" class=\"attachment-post-thumbnail size-post-thumbnail wp-post-image\" alt=\"Porte-fraises DIN 6359 pour queues cylindriques DIN 1835-B\" style=\"object-fit:cover;\" srcset=\"https:\/\/klc-trade.de\/wp-content\/uploads\/2022\/11\/stacks-image-e7d79b2.jpg 400w, https:\/\/klc-trade.de\/wp-content\/uploads\/2022\/11\/stacks-image-e7d79b2-300x300.jpg 300w, https:\/\/klc-trade.de\/wp-content\/uploads\/2022\/11\/stacks-image-e7d79b2-150x150.jpg 150w\" sizes=\"auto, (max-width: 400px) 100vw, 400px\" \/><\/a><\/figure>\n\n<div class=\"gb-container gb-container-026cf8f7\"><div class=\"gb-inside-container\">\n<h5 style=\"font-style:normal;font-weight:700;\" class=\"wp-block-post-title\">Porte-fraises DIN 6359 pour queues cylindriques DIN 1835-B<\/h5>\n<\/div><\/div>\n<\/div><\/div>\n<\/li><li class=\"wp-block-post post-613 produkt type-produkt status-publish has-post-thumbnail hentry category-din\">\n<div class=\"gb-container gb-container-20db8020\"><div class=\"gb-inside-container\">\n<figure class=\"wp-block-post-featured-image\"><a href=\"https:\/\/klc-trade.de\/fr\/produit\/mandrin-de-fraise-a-rainure-transversale-din-6357-avec-diametre-de-bande-augmente-avec-canal-de-gueule-4\/\" target=\"_self\"  ><img loading=\"lazy\" decoding=\"async\" width=\"400\" height=\"400\" src=\"https:\/\/klc-trade.de\/wp-content\/uploads\/2022\/11\/stacks-image-4dbfb30.jpg\" class=\"attachment-post-thumbnail size-post-thumbnail wp-post-image\" alt=\"Porte-fraises \u00e0 surfacer DIN 6357 avec canal d`arrosage (KK) et avec diam\u00e8tre de collerette \u00e9largi\" style=\"object-fit:cover;\" srcset=\"https:\/\/klc-trade.de\/wp-content\/uploads\/2022\/11\/stacks-image-4dbfb30.jpg 400w, https:\/\/klc-trade.de\/wp-content\/uploads\/2022\/11\/stacks-image-4dbfb30-300x300.jpg 300w, https:\/\/klc-trade.de\/wp-content\/uploads\/2022\/11\/stacks-image-4dbfb30-150x150.jpg 150w\" sizes=\"auto, (max-width: 400px) 100vw, 400px\" \/><\/a><\/figure>\n\n<div class=\"gb-container gb-container-026cf8f7\"><div class=\"gb-inside-container\">\n<h5 style=\"font-style:normal;font-weight:700;\" class=\"wp-block-post-title\">Porte-fraises \u00e0 surfacer DIN 6357 avec canal d`arrosage (KK) et avec diam\u00e8tre de collerette \u00e9largi<\/h5>\n<\/div><\/div>\n<\/div><\/div>\n<\/li><li class=\"wp-block-post post-617 produkt type-produkt status-publish has-post-thumbnail hentry category-din\">\n<div class=\"gb-container gb-container-20db8020\"><div class=\"gb-inside-container\">\n<figure class=\"wp-block-post-featured-image\"><a href=\"https:\/\/klc-trade.de\/fr\/produit\/broche-de-fraise-combinee-din-6358-4\/\" target=\"_self\"  ><img loading=\"lazy\" decoding=\"async\" width=\"400\" height=\"400\" src=\"https:\/\/klc-trade.de\/wp-content\/uploads\/2022\/11\/stacks-image-62a716c.jpg\" class=\"attachment-post-thumbnail size-post-thumbnail wp-post-image\" alt=\"Porte-outils de fraisage combin\u00e9 DIN 6358\" style=\"object-fit:cover;\" srcset=\"https:\/\/klc-trade.de\/wp-content\/uploads\/2022\/11\/stacks-image-62a716c.jpg 400w, https:\/\/klc-trade.de\/wp-content\/uploads\/2022\/11\/stacks-image-62a716c-300x300.jpg 300w, https:\/\/klc-trade.de\/wp-content\/uploads\/2022\/11\/stacks-image-62a716c-150x150.jpg 150w\" sizes=\"auto, (max-width: 400px) 100vw, 400px\" \/><\/a><\/figure>\n\n<div class=\"gb-container gb-container-026cf8f7\"><div class=\"gb-inside-container\">\n<h5 style=\"font-style:normal;font-weight:700;\" class=\"wp-block-post-title\">Porte-outils de fraisage combin\u00e9 DIN 6358<\/h5>\n<\/div><\/div>\n<\/div><\/div>\n<\/li><li class=\"wp-block-post post-621 produkt type-produkt status-publish has-post-thumbnail hentry category-din\">\n<div class=\"gb-container gb-container-20db8020\"><div class=\"gb-inside-container\">\n<figure class=\"wp-block-post-featured-image\"><a href=\"https:\/\/klc-trade.de\/fr\/produit\/entrehuelse-4\/\" target=\"_self\"  ><img loading=\"lazy\" decoding=\"async\" width=\"400\" height=\"400\" src=\"https:\/\/klc-trade.de\/wp-content\/uploads\/2022\/11\/stacks-image-27f37e9.jpg\" class=\"attachment-post-thumbnail size-post-thumbnail wp-post-image\" alt=\"Douille interm\u00e9diaire&lt;br&gt; pour outils \u00e0 c\u00f4ne morse DIN 6383 et \u00e0 trou filet\u00e9 DIN6364\" style=\"object-fit:cover;\" srcset=\"https:\/\/klc-trade.de\/wp-content\/uploads\/2022\/11\/stacks-image-27f37e9.jpg 400w, https:\/\/klc-trade.de\/wp-content\/uploads\/2022\/11\/stacks-image-27f37e9-300x300.jpg 300w, https:\/\/klc-trade.de\/wp-content\/uploads\/2022\/11\/stacks-image-27f37e9-150x150.jpg 150w\" sizes=\"auto, (max-width: 400px) 100vw, 400px\" \/><\/a><\/figure>\n\n<div class=\"gb-container gb-container-026cf8f7\"><div class=\"gb-inside-container\">\n<h5 style=\"font-style:normal;font-weight:700;\" class=\"wp-block-post-title\">Douille interm\u00e9diaire<br> pour outils \u00e0 c\u00f4ne morse DIN 6383 et \u00e0 trou filet\u00e9 DIN6364<\/h5>\n<\/div><\/div>\n<\/div><\/div>\n<\/li><li class=\"wp-block-post post-627 produkt type-produkt status-publish has-post-thumbnail hentry category-din\">\n<div class=\"gb-container gb-container-20db8020\"><div class=\"gb-inside-container\">\n<figure class=\"wp-block-post-featured-image\"><a href=\"https:\/\/klc-trade.de\/fr\/produit\/entre-huiles-reduction-huiles-3\/\" target=\"_self\"  ><img loading=\"lazy\" decoding=\"async\" width=\"400\" height=\"400\" src=\"https:\/\/klc-trade.de\/wp-content\/uploads\/2022\/11\/stacks-image-5e92cf9.jpg\" class=\"attachment-post-thumbnail size-post-thumbnail wp-post-image\" alt=\"Douille interm\u00e9diaire\/douille de r\u00e9duction\" style=\"object-fit:cover;\" srcset=\"https:\/\/klc-trade.de\/wp-content\/uploads\/2022\/11\/stacks-image-5e92cf9.jpg 400w, https:\/\/klc-trade.de\/wp-content\/uploads\/2022\/11\/stacks-image-5e92cf9-300x300.jpg 300w, https:\/\/klc-trade.de\/wp-content\/uploads\/2022\/11\/stacks-image-5e92cf9-150x150.jpg 150w\" sizes=\"auto, (max-width: 400px) 100vw, 400px\" \/><\/a><\/figure>\n\n<div class=\"gb-container gb-container-026cf8f7\"><div class=\"gb-inside-container\">\n<h5 style=\"font-style:normal;font-weight:700;\" class=\"wp-block-post-title translation-block\">Douille interm\u00e9diaire\/<br>Douilles de r\u00e9duction<\/h5>\n<\/div><\/div>\n<\/div><\/div>\n<\/li><li class=\"wp-block-post post-631 produkt type-produkt status-publish has-post-thumbnail hentry category-din\">\n<div class=\"gb-container gb-container-20db8020\"><div class=\"gb-inside-container\">\n<figure class=\"wp-block-post-featured-image\"><a href=\"https:\/\/klc-trade.de\/fr\/produit\/ebauche-de-barre-dalesage-pour-la-fabrication-doutils-speciaux-4\/\" target=\"_self\"  ><img loading=\"lazy\" decoding=\"async\" width=\"400\" height=\"400\" src=\"https:\/\/klc-trade.de\/wp-content\/uploads\/2022\/11\/stacks-image-201c4a7.jpg\" class=\"attachment-post-thumbnail size-post-thumbnail wp-post-image\" alt=\"Barre d&#039;al\u00e9sage\" style=\"object-fit:cover;\" srcset=\"https:\/\/klc-trade.de\/wp-content\/uploads\/2022\/11\/stacks-image-201c4a7.jpg 400w, https:\/\/klc-trade.de\/wp-content\/uploads\/2022\/11\/stacks-image-201c4a7-300x300.jpg 300w, https:\/\/klc-trade.de\/wp-content\/uploads\/2022\/11\/stacks-image-201c4a7-150x150.jpg 150w\" sizes=\"auto, (max-width: 400px) 100vw, 400px\" \/><\/a><\/figure>\n\n<div class=\"gb-container gb-container-026cf8f7\"><div class=\"gb-inside-container\">\n<h5 style=\"font-style:normal;font-weight:700;\" class=\"wp-block-post-title\">Barre d'al\u00e9sage<\/h5>\n<\/div><\/div>\n<\/div><\/div>\n<\/li><li class=\"wp-block-post post-635 produkt type-produkt status-publish has-post-thumbnail hentry category-din\">\n<div class=\"gb-container gb-container-20db8020\"><div class=\"gb-inside-container\">\n<figure class=\"wp-block-post-featured-image\"><a href=\"https:\/\/klc-trade.de\/fr\/produit\/logement-du-mandrindin-238-3\/\" target=\"_self\"  ><img loading=\"lazy\" decoding=\"async\" width=\"400\" height=\"400\" src=\"https:\/\/klc-trade.de\/wp-content\/uploads\/2022\/11\/stacks-image-513453b.jpg\" class=\"attachment-post-thumbnail size-post-thumbnail wp-post-image\" alt=\"Porte-mandrinDIN 238\" style=\"object-fit:cover;\" srcset=\"https:\/\/klc-trade.de\/wp-content\/uploads\/2022\/11\/stacks-image-513453b.jpg 400w, https:\/\/klc-trade.de\/wp-content\/uploads\/2022\/11\/stacks-image-513453b-300x300.jpg 300w, https:\/\/klc-trade.de\/wp-content\/uploads\/2022\/11\/stacks-image-513453b-150x150.jpg 150w\" sizes=\"auto, (max-width: 400px) 100vw, 400px\" \/><\/a><\/figure>\n\n<div class=\"gb-container gb-container-026cf8f7\"><div class=\"gb-inside-container\">\n<h5 style=\"font-style:normal;font-weight:700;\" class=\"wp-block-post-title translation-block\">Arbre pour mandrin de per\u00e7age DIN 238<\/h5>\n<\/div><\/div>\n<\/div><\/div>\n<\/li><\/ul><\/div>\n\n<\/div><\/div>","protected":false},"excerpt":{"rendered":"<p>DIN 2080 SK<\/p>","protected":false},"author":1,"featured_media":198,"parent":35,"menu_order":0,"comment_status":"closed","ping_status":"closed","template":"","meta":{"_acf_changed":false,"slim_seo":{"title":"DIN 2080 SK - SOLUTIONS pour machines CNC","description":""},"footnotes":""},"class_list":["post-197","page","type-page","status-publish","has-post-thumbnail"],"acf":[],"_links":{"self":[{"href":"https:\/\/klc-trade.de\/fr\/wp-json\/wp\/v2\/pages\/197","targetHints":{"allow":["GET"]}}],"collection":[{"href":"https:\/\/klc-trade.de\/fr\/wp-json\/wp\/v2\/pages"}],"about":[{"href":"https:\/\/klc-trade.de\/fr\/wp-json\/wp\/v2\/types\/page"}],"author":[{"embeddable":true,"href":"https:\/\/klc-trade.de\/fr\/wp-json\/wp\/v2\/users\/1"}],"replies":[{"embeddable":true,"href":"https:\/\/klc-trade.de\/fr\/wp-json\/wp\/v2\/comments?post=197"}],"version-history":[{"count":12,"href":"https:\/\/klc-trade.de\/fr\/wp-json\/wp\/v2\/pages\/197\/revisions"}],"predecessor-version":[{"id":1059,"href":"https:\/\/klc-trade.de\/fr\/wp-json\/wp\/v2\/pages\/197\/revisions\/1059"}],"up":[{"embeddable":true,"href":"https:\/\/klc-trade.de\/fr\/wp-json\/wp\/v2\/pages\/35"}],"wp:featuredmedia":[{"embeddable":true,"href":"https:\/\/klc-trade.de\/fr\/wp-json\/wp\/v2\/media\/198"}],"wp:attachment":[{"href":"https:\/\/klc-trade.de\/fr\/wp-json\/wp\/v2\/media?parent=197"}],"curies":[{"name":"wp","href":"https:\/\/api.w.org\/{rel}","templated":true}]}}