{"id":191,"date":"2022-10-31T22:02:39","date_gmt":"2022-10-31T21:02:39","guid":{"rendered":"https:\/\/klc-trade.de\/?p=191"},"modified":"2023-01-05T10:24:30","modified_gmt":"2023-01-05T09:24:30","slug":"hsk-iso-12164-1din-69893-1","status":"publish","type":"page","link":"https:\/\/klc-trade.de\/fr\/groupes-de-produits\/hsk-iso-12164-1din-69893-1\/","title":{"rendered":"HSK ISO 12164-1(DIN 69893-1)"},"content":{"rendered":"<div class=\"gb-container gb-container-08259151\"><div class=\"gb-inside-container\">\n\n<h2 class=\"gb-headline gb-headline-57243bb9 gb-headline-text\">HSK ISO 12164-1<\/h2>\n\n\n\n<figure class=\"wp-block-image size-full\"><img loading=\"lazy\" decoding=\"async\" width=\"1009\" height=\"433\" src=\"http:\/\/klc-trade.de\/wp-content\/uploads\/2022\/10\/stacks-image-9ad7746.jpg\" alt=\"\" class=\"wp-image-194\" srcset=\"https:\/\/klc-trade.de\/wp-content\/uploads\/2022\/10\/stacks-image-9ad7746.jpg 1009w, https:\/\/klc-trade.de\/wp-content\/uploads\/2022\/10\/stacks-image-9ad7746-300x129.jpg 300w, https:\/\/klc-trade.de\/wp-content\/uploads\/2022\/10\/stacks-image-9ad7746-768x330.jpg 768w\" sizes=\"auto, (max-width: 1009px) 100vw, 1009px\" \/><\/figure>\n\n\n\n<div class=\"wp-block-query is-layout-flow wp-block-query-is-layout-flow\"><ul class=\"is-flex-container columns-3 wp-block-post-template is-layout-flow wp-block-post-template-is-layout-flow\"><li class=\"wp-block-post post-548 produkt type-produkt status-publish has-post-thumbnail hentry category-hsk\">\n<div class=\"gb-container gb-container-20db8020\"><div class=\"gb-inside-container\">\n<figure class=\"wp-block-post-featured-image\"><a href=\"https:\/\/klc-trade.de\/fr\/produit\/mandrin-a-pince-de-serrage-din-6499-er-mini-ozcollet-chucks-for-collets-din-6499-er-mini-oz\/\" target=\"_self\"  ><img loading=\"lazy\" decoding=\"async\" width=\"400\" height=\"400\" src=\"https:\/\/klc-trade.de\/wp-content\/uploads\/2022\/11\/stacks-image-94c18b5.jpg\" class=\"attachment-post-thumbnail size-post-thumbnail wp-post-image\" alt=\"Mandrins \u00e0 pinces DIN 6499 ER \/ ER Mini \/ OZ\" style=\"object-fit:cover;\" srcset=\"https:\/\/klc-trade.de\/wp-content\/uploads\/2022\/11\/stacks-image-94c18b5.jpg 400w, https:\/\/klc-trade.de\/wp-content\/uploads\/2022\/11\/stacks-image-94c18b5-300x300.jpg 300w, https:\/\/klc-trade.de\/wp-content\/uploads\/2022\/11\/stacks-image-94c18b5-150x150.jpg 150w\" sizes=\"auto, (max-width: 400px) 100vw, 400px\" \/><\/a><\/figure>\n\n<div class=\"gb-container gb-container-026cf8f7\"><div class=\"gb-inside-container\">\n<h5 style=\"font-style:normal;font-weight:700;\" class=\"wp-block-post-title\">Mandrins \u00e0 pinces DIN 6499 ER \/ ER Mini \/ OZ<\/h5>\n<\/div><\/div>\n<\/div><\/div>\n<\/li><li class=\"wp-block-post post-556 produkt type-produkt status-publish has-post-thumbnail hentry category-hsk\">\n<div class=\"gb-container gb-container-20db8020\"><div class=\"gb-inside-container\">\n<figure class=\"wp-block-post-featured-image\"><a href=\"https:\/\/klc-trade.de\/fr\/produit\/fraeseraufnahme-din-6359-zylinderschaefte-din-1835-b-3\/\" target=\"_self\"  ><img loading=\"lazy\" decoding=\"async\" width=\"400\" height=\"400\" src=\"https:\/\/klc-trade.de\/wp-content\/uploads\/2022\/11\/stacks-image-3bbe6f4.jpg\" class=\"attachment-post-thumbnail size-post-thumbnail wp-post-image\" alt=\"Porte-fraises DIN 6359 pour queues cylindriques DIN 1835-B\" style=\"object-fit:cover;\" srcset=\"https:\/\/klc-trade.de\/wp-content\/uploads\/2022\/11\/stacks-image-3bbe6f4.jpg 400w, https:\/\/klc-trade.de\/wp-content\/uploads\/2022\/11\/stacks-image-3bbe6f4-300x300.jpg 300w, https:\/\/klc-trade.de\/wp-content\/uploads\/2022\/11\/stacks-image-3bbe6f4-150x150.jpg 150w\" sizes=\"auto, (max-width: 400px) 100vw, 400px\" \/><\/a><\/figure>\n\n<div class=\"gb-container gb-container-026cf8f7\"><div class=\"gb-inside-container\">\n<h5 style=\"font-style:normal;font-weight:700;\" class=\"wp-block-post-title\">Porte-fraises DIN 6359 pour queues cylindriques DIN 1835-B<\/h5>\n<\/div><\/div>\n<\/div><\/div>\n<\/li><li class=\"wp-block-post post-562 produkt type-produkt status-publish has-post-thumbnail hentry category-hsk\">\n<div class=\"gb-container gb-container-20db8020\"><div class=\"gb-inside-container\">\n<figure class=\"wp-block-post-featured-image\"><a href=\"https:\/\/klc-trade.de\/fr\/produit\/mandrin-de-fraise-a-rainure-transversale-din-6357-avec-diametre-de-bond-augmente-avec-canal-de-gueule-3\/\" target=\"_self\"  ><img loading=\"lazy\" decoding=\"async\" width=\"400\" height=\"400\" src=\"https:\/\/klc-trade.de\/wp-content\/uploads\/2022\/11\/stacks-image-a456c1b.jpg\" class=\"attachment-post-thumbnail size-post-thumbnail wp-post-image\" alt=\"Porte-fraises \u00e0 surfacer DIN 6357 avec canal d`arrosage (KK) et avec diam\u00e8tre de collerette \u00e9largi\" style=\"object-fit:cover;\" srcset=\"https:\/\/klc-trade.de\/wp-content\/uploads\/2022\/11\/stacks-image-a456c1b.jpg 400w, https:\/\/klc-trade.de\/wp-content\/uploads\/2022\/11\/stacks-image-a456c1b-300x300.jpg 300w, https:\/\/klc-trade.de\/wp-content\/uploads\/2022\/11\/stacks-image-a456c1b-150x150.jpg 150w\" sizes=\"auto, (max-width: 400px) 100vw, 400px\" \/><\/a><\/figure>\n\n<div class=\"gb-container gb-container-026cf8f7\"><div class=\"gb-inside-container\">\n<h5 style=\"font-style:normal;font-weight:700;\" class=\"wp-block-post-title\">Porte-fraises \u00e0 surfacer DIN 6357 avec canal d`arrosage (KK) et avec diam\u00e8tre de collerette \u00e9largi<\/h5>\n<\/div><\/div>\n<\/div><\/div>\n<\/li><li class=\"wp-block-post post-567 produkt type-produkt status-publish has-post-thumbnail hentry category-hsk\">\n<div class=\"gb-container gb-container-20db8020\"><div class=\"gb-inside-container\">\n<figure class=\"wp-block-post-featured-image\"><a href=\"https:\/\/klc-trade.de\/fr\/produit\/broche-de-fraise-combinee-din-6358-3\/\" target=\"_self\"  ><img loading=\"lazy\" decoding=\"async\" width=\"400\" height=\"400\" src=\"https:\/\/klc-trade.de\/wp-content\/uploads\/2022\/11\/stacks-image-72ad515.jpg\" class=\"attachment-post-thumbnail size-post-thumbnail wp-post-image\" alt=\"Porte-outils de fraisage combin\u00e9 DIN 6358\" style=\"object-fit:cover;\" srcset=\"https:\/\/klc-trade.de\/wp-content\/uploads\/2022\/11\/stacks-image-72ad515.jpg 400w, https:\/\/klc-trade.de\/wp-content\/uploads\/2022\/11\/stacks-image-72ad515-300x300.jpg 300w, https:\/\/klc-trade.de\/wp-content\/uploads\/2022\/11\/stacks-image-72ad515-150x150.jpg 150w\" sizes=\"auto, (max-width: 400px) 100vw, 400px\" \/><\/a><\/figure>\n\n<div class=\"gb-container gb-container-026cf8f7\"><div class=\"gb-inside-container\">\n<h5 style=\"font-style:normal;font-weight:700;\" class=\"wp-block-post-title\">Porte-outils de fraisage combin\u00e9 DIN 6358<\/h5>\n<\/div><\/div>\n<\/div><\/div>\n<\/li><li class=\"wp-block-post post-571 produkt type-produkt status-publish has-post-thumbnail hentry category-hsk\">\n<div class=\"gb-container gb-container-20db8020\"><div class=\"gb-inside-container\">\n<figure class=\"wp-block-post-featured-image\"><a href=\"https:\/\/klc-trade.de\/fr\/produit\/entrehuelse-3\/\" target=\"_self\"  ><img loading=\"lazy\" decoding=\"async\" width=\"400\" height=\"400\" src=\"https:\/\/klc-trade.de\/wp-content\/uploads\/2022\/11\/stacks-image-5683dfb.jpg\" class=\"attachment-post-thumbnail size-post-thumbnail wp-post-image\" alt=\"Douille interm\u00e9diaire&lt;br&gt; pour outils \u00e0 c\u00f4ne morse DIN 6383 et \u00e0 trou filet\u00e9 DIN6364\" style=\"object-fit:cover;\" srcset=\"https:\/\/klc-trade.de\/wp-content\/uploads\/2022\/11\/stacks-image-5683dfb.jpg 400w, https:\/\/klc-trade.de\/wp-content\/uploads\/2022\/11\/stacks-image-5683dfb-300x300.jpg 300w, https:\/\/klc-trade.de\/wp-content\/uploads\/2022\/11\/stacks-image-5683dfb-150x150.jpg 150w\" sizes=\"auto, (max-width: 400px) 100vw, 400px\" \/><\/a><\/figure>\n\n<div class=\"gb-container gb-container-026cf8f7\"><div class=\"gb-inside-container\">\n<h5 style=\"font-style:normal;font-weight:700;\" class=\"wp-block-post-title\">Douille interm\u00e9diaire<br> pour outils \u00e0 c\u00f4ne morse DIN 6383 et \u00e0 trou filet\u00e9 DIN6364<\/h5>\n<\/div><\/div>\n<\/div><\/div>\n<\/li><li class=\"wp-block-post post-576 produkt type-produkt status-publish has-post-thumbnail hentry category-hsk\">\n<div class=\"gb-container gb-container-20db8020\"><div class=\"gb-inside-container\">\n<figure class=\"wp-block-post-featured-image\"><a href=\"https:\/\/klc-trade.de\/fr\/produit\/fraes-prise-pour-fraise-a-visser-3\/\" target=\"_self\"  ><img loading=\"lazy\" decoding=\"async\" width=\"400\" height=\"400\" src=\"https:\/\/klc-trade.de\/wp-content\/uploads\/2022\/11\/stacks-image-83a1690.jpg\" class=\"attachment-post-thumbnail size-post-thumbnail wp-post-image\" alt=\"Mandrin pour fraises \u00e0 queue filet\u00e9e, coniques\" style=\"object-fit:cover;\" srcset=\"https:\/\/klc-trade.de\/wp-content\/uploads\/2022\/11\/stacks-image-83a1690.jpg 400w, https:\/\/klc-trade.de\/wp-content\/uploads\/2022\/11\/stacks-image-83a1690-300x300.jpg 300w, https:\/\/klc-trade.de\/wp-content\/uploads\/2022\/11\/stacks-image-83a1690-150x150.jpg 150w\" sizes=\"auto, (max-width: 400px) 100vw, 400px\" \/><\/a><\/figure>\n\n<div class=\"gb-container gb-container-026cf8f7\"><div class=\"gb-inside-container\">\n<h5 style=\"font-style:normal;font-weight:700;\" class=\"wp-block-post-title\">Mandrin pour fraises \u00e0 queue filet\u00e9e, coniques<\/h5>\n<\/div><\/div>\n<\/div><\/div>\n<\/li><li class=\"wp-block-post post-580 produkt type-produkt status-publish has-post-thumbnail hentry category-hsk\">\n<div class=\"gb-container gb-container-20db8020\"><div class=\"gb-inside-container\">\n<figure class=\"wp-block-post-featured-image\"><a href=\"https:\/\/klc-trade.de\/fr\/produit\/porte-foret-pour-foret-a-plaquettes-reversibles-e1-3\/\" target=\"_self\"  ><img loading=\"lazy\" decoding=\"async\" width=\"400\" height=\"400\" src=\"https:\/\/klc-trade.de\/wp-content\/uploads\/2022\/11\/stacks-image-d487e42.jpg\" class=\"attachment-post-thumbnail size-post-thumbnail wp-post-image\" alt=\"Porte foret pour foret \u00e0 plaquettes r\u00e9versible forme E1\" style=\"object-fit:cover;\" srcset=\"https:\/\/klc-trade.de\/wp-content\/uploads\/2022\/11\/stacks-image-d487e42.jpg 400w, https:\/\/klc-trade.de\/wp-content\/uploads\/2022\/11\/stacks-image-d487e42-300x300.jpg 300w, https:\/\/klc-trade.de\/wp-content\/uploads\/2022\/11\/stacks-image-d487e42-150x150.jpg 150w\" sizes=\"auto, (max-width: 400px) 100vw, 400px\" \/><\/a><\/figure>\n\n<div class=\"gb-container gb-container-026cf8f7\"><div class=\"gb-inside-container\">\n<h5 style=\"font-style:normal;font-weight:700;\" class=\"wp-block-post-title\">Porte foret pour foret \u00e0 plaquettes r\u00e9versible forme E1<\/h5>\n<\/div><\/div>\n<\/div><\/div>\n<\/li><li class=\"wp-block-post post-584 produkt type-produkt status-publish has-post-thumbnail hentry category-hsk\">\n<div class=\"gb-container gb-container-20db8020\"><div class=\"gb-inside-container\">\n<figure class=\"wp-block-post-featured-image\"><a href=\"https:\/\/klc-trade.de\/fr\/produit\/ebauche-de-barre-dalesage-pour-la-fabrication-doutils-speciaux-3\/\" target=\"_self\"  ><img loading=\"lazy\" decoding=\"async\" width=\"400\" height=\"400\" src=\"https:\/\/klc-trade.de\/wp-content\/uploads\/2022\/11\/stacks-image-bde17d8.jpg\" class=\"attachment-post-thumbnail size-post-thumbnail wp-post-image\" alt=\"Barre d&#039;al\u00e9sage\" style=\"object-fit:cover;\" srcset=\"https:\/\/klc-trade.de\/wp-content\/uploads\/2022\/11\/stacks-image-bde17d8.jpg 400w, https:\/\/klc-trade.de\/wp-content\/uploads\/2022\/11\/stacks-image-bde17d8-300x300.jpg 300w, https:\/\/klc-trade.de\/wp-content\/uploads\/2022\/11\/stacks-image-bde17d8-150x150.jpg 150w\" sizes=\"auto, (max-width: 400px) 100vw, 400px\" \/><\/a><\/figure>\n\n<div class=\"gb-container gb-container-026cf8f7\"><div class=\"gb-inside-container\">\n<h5 style=\"font-style:normal;font-weight:700;\" class=\"wp-block-post-title\">Barre d'al\u00e9sage<\/h5>\n<\/div><\/div>\n<\/div><\/div>\n<\/li><li class=\"wp-block-post post-587 produkt type-produkt status-publish has-post-thumbnail hentry category-hsk\">\n<div class=\"gb-container gb-container-20db8020\"><div class=\"gb-inside-container\">\n<figure class=\"wp-block-post-featured-image\"><a href=\"https:\/\/klc-trade.de\/fr\/produit\/mandrins-de-controle-3\/\" target=\"_self\"  ><img loading=\"lazy\" decoding=\"async\" width=\"400\" height=\"400\" src=\"https:\/\/klc-trade.de\/wp-content\/uploads\/2022\/11\/stacks-image-2d4a68c.jpg\" class=\"attachment-post-thumbnail size-post-thumbnail wp-post-image\" alt=\"Mandrins de contr\u00f4le\" style=\"object-fit:cover;\" srcset=\"https:\/\/klc-trade.de\/wp-content\/uploads\/2022\/11\/stacks-image-2d4a68c.jpg 400w, https:\/\/klc-trade.de\/wp-content\/uploads\/2022\/11\/stacks-image-2d4a68c-300x300.jpg 300w, https:\/\/klc-trade.de\/wp-content\/uploads\/2022\/11\/stacks-image-2d4a68c-150x150.jpg 150w\" sizes=\"auto, (max-width: 400px) 100vw, 400px\" \/><\/a><\/figure>\n\n<div class=\"gb-container gb-container-026cf8f7\"><div class=\"gb-inside-container\">\n<h5 style=\"font-style:normal;font-weight:700;\" class=\"wp-block-post-title\">Mandrins de contr\u00f4le<\/h5>\n<\/div><\/div>\n<\/div><\/div>\n<\/li><\/ul><\/div>\n\n<\/div><\/div>","protected":false},"excerpt":{"rendered":"<p>HSK ISO 12164-1<\/p>","protected":false},"author":1,"featured_media":192,"parent":35,"menu_order":0,"comment_status":"closed","ping_status":"closed","template":"","meta":{"_acf_changed":false,"slim_seo":{"title":"HSK ISO 12164-1(DIN 69893-1) - SOLUTIONS pour machines CNC","description":""},"footnotes":""},"class_list":["post-191","page","type-page","status-publish","has-post-thumbnail"],"acf":[],"_links":{"self":[{"href":"https:\/\/klc-trade.de\/fr\/wp-json\/wp\/v2\/pages\/191","targetHints":{"allow":["GET"]}}],"collection":[{"href":"https:\/\/klc-trade.de\/fr\/wp-json\/wp\/v2\/pages"}],"about":[{"href":"https:\/\/klc-trade.de\/fr\/wp-json\/wp\/v2\/types\/page"}],"author":[{"embeddable":true,"href":"https:\/\/klc-trade.de\/fr\/wp-json\/wp\/v2\/users\/1"}],"replies":[{"embeddable":true,"href":"https:\/\/klc-trade.de\/fr\/wp-json\/wp\/v2\/comments?post=191"}],"version-history":[{"count":7,"href":"https:\/\/klc-trade.de\/fr\/wp-json\/wp\/v2\/pages\/191\/revisions"}],"predecessor-version":[{"id":1013,"href":"https:\/\/klc-trade.de\/fr\/wp-json\/wp\/v2\/pages\/191\/revisions\/1013"}],"up":[{"embeddable":true,"href":"https:\/\/klc-trade.de\/fr\/wp-json\/wp\/v2\/pages\/35"}],"wp:featuredmedia":[{"embeddable":true,"href":"https:\/\/klc-trade.de\/fr\/wp-json\/wp\/v2\/media\/192"}],"wp:attachment":[{"href":"https:\/\/klc-trade.de\/fr\/wp-json\/wp\/v2\/media?parent=191"}],"curies":[{"name":"wp","href":"https:\/\/api.w.org\/{rel}","templated":true}]}}