{"id":158,"date":"2022-10-31T21:33:28","date_gmt":"2022-10-31T20:33:28","guid":{"rendered":"https:\/\/klc-trade.de\/?p=158"},"modified":"2022-12-02T11:44:21","modified_gmt":"2022-12-02T10:44:21","slug":"sk-din-iso-7388-1-ad-din-69871","status":"publish","type":"page","link":"https:\/\/klc-trade.de\/fr\/groupes-de-produits\/sk-din-iso-7388-1-ad-din-69871\/","title":{"rendered":"SK DIN ISO 7388-1 AD (DIN 69871)"},"content":{"rendered":"<div class=\"gb-container gb-container-1fcfdad2\"><div class=\"gb-inside-container\">\n\n<h2 class=\"gb-headline gb-headline-05a59853 gb-headline-text\">SK DIN ISO 7388-1 AD (DIN 69871)<\/h2>\n\n\n\n<figure class=\"wp-block-image size-full\"><img loading=\"lazy\" decoding=\"async\" width=\"950\" height=\"414\" src=\"http:\/\/klc-trade.de\/wp-content\/uploads\/2022\/10\/stacks-image-ca9f829.jpg\" alt=\"\" class=\"wp-image-148\" srcset=\"https:\/\/klc-trade.de\/wp-content\/uploads\/2022\/10\/stacks-image-ca9f829.jpg 950w, https:\/\/klc-trade.de\/wp-content\/uploads\/2022\/10\/stacks-image-ca9f829-300x131.jpg 300w, https:\/\/klc-trade.de\/wp-content\/uploads\/2022\/10\/stacks-image-ca9f829-768x335.jpg 768w\" sizes=\"auto, (max-width: 950px) 100vw, 950px\" \/><\/figure>\n\n\n\n<div class=\"wp-block-query is-layout-flow wp-block-query-is-layout-flow\"><ul class=\"is-flex-container columns-3 wp-block-post-template is-layout-flow wp-block-post-template-is-layout-flow\"><li class=\"wp-block-post post-263 produkt type-produkt status-publish has-post-thumbnail hentry category-sk\">\n<div class=\"gb-container gb-container-20db8020\"><div class=\"gb-inside-container\">\n<figure class=\"wp-block-post-featured-image\"><a href=\"https:\/\/klc-trade.de\/fr\/produit\/mandrin-a-pinces-sk\/\" target=\"_self\"  ><img loading=\"lazy\" decoding=\"async\" width=\"400\" height=\"400\" src=\"https:\/\/klc-trade.de\/wp-content\/uploads\/2022\/11\/stacks-image-ff41c93.jpg\" class=\"attachment-post-thumbnail size-post-thumbnail wp-post-image\" alt=\"Mandrins \u00e0 pinces DIN 6499 ER \/ ER Mini \/ OZ\" style=\"object-fit:cover;\" srcset=\"https:\/\/klc-trade.de\/wp-content\/uploads\/2022\/11\/stacks-image-ff41c93.jpg 400w, https:\/\/klc-trade.de\/wp-content\/uploads\/2022\/11\/stacks-image-ff41c93-300x300.jpg 300w, https:\/\/klc-trade.de\/wp-content\/uploads\/2022\/11\/stacks-image-ff41c93-150x150.jpg 150w\" sizes=\"auto, (max-width: 400px) 100vw, 400px\" \/><\/a><\/figure>\n\n<div class=\"gb-container gb-container-026cf8f7\"><div class=\"gb-inside-container\">\n<h5 style=\"font-style:normal;font-weight:700;\" class=\"wp-block-post-title\">Mandrins \u00e0 pinces DIN 6499 ER \/ ER Mini \/ OZ<\/h5>\n<\/div><\/div>\n<\/div><\/div>\n<\/li><li class=\"wp-block-post post-342 produkt type-produkt status-publish has-post-thumbnail hentry category-sk\">\n<div class=\"gb-container gb-container-20db8020\"><div class=\"gb-inside-container\">\n<figure class=\"wp-block-post-featured-image\"><a href=\"https:\/\/klc-trade.de\/fr\/produit\/logement-de-fraise-din-6359-queues-cylindriques-din-1835-b\/\" target=\"_self\"  ><img loading=\"lazy\" decoding=\"async\" width=\"400\" height=\"400\" src=\"https:\/\/klc-trade.de\/wp-content\/uploads\/2022\/11\/stacks-image-5934199.jpg\" class=\"attachment-post-thumbnail size-post-thumbnail wp-post-image\" alt=\"Porte-fraises DIN 6359 pour queues cylindriques DIN 1835-B\" style=\"object-fit:cover;\" srcset=\"https:\/\/klc-trade.de\/wp-content\/uploads\/2022\/11\/stacks-image-5934199.jpg 400w, https:\/\/klc-trade.de\/wp-content\/uploads\/2022\/11\/stacks-image-5934199-300x300.jpg 300w, https:\/\/klc-trade.de\/wp-content\/uploads\/2022\/11\/stacks-image-5934199-150x150.jpg 150w\" sizes=\"auto, (max-width: 400px) 100vw, 400px\" \/><\/a><\/figure>\n\n<div class=\"gb-container gb-container-026cf8f7\"><div class=\"gb-inside-container\">\n<h5 style=\"font-style:normal;font-weight:700;\" class=\"wp-block-post-title\">Porte-fraises DIN 6359 pour queues cylindriques DIN 1835-B<\/h5>\n<\/div><\/div>\n<\/div><\/div>\n<\/li><li class=\"wp-block-post post-367 produkt type-produkt status-publish has-post-thumbnail hentry category-sk\">\n<div class=\"gb-container gb-container-20db8020\"><div class=\"gb-inside-container\">\n<figure class=\"wp-block-post-featured-image\"><a href=\"https:\/\/klc-trade.de\/fr\/produit\/mandrin-de-fraise-a-rainure-transversale-din-6357-avec-diametre-de-bande-augmente-avec-canal-de-gueule\/\" target=\"_self\"  ><img loading=\"lazy\" decoding=\"async\" width=\"400\" height=\"400\" src=\"https:\/\/klc-trade.de\/wp-content\/uploads\/2022\/11\/stacks-image-87ac5f8.jpg\" class=\"attachment-post-thumbnail size-post-thumbnail wp-post-image\" alt=\"Porte-fraises \u00e0 surfacer DIN 6357 avec canal d`arrosage (KK) et avec diam\u00e8tre de collerette \u00e9largi\" style=\"object-fit:cover;\" srcset=\"https:\/\/klc-trade.de\/wp-content\/uploads\/2022\/11\/stacks-image-87ac5f8.jpg 400w, https:\/\/klc-trade.de\/wp-content\/uploads\/2022\/11\/stacks-image-87ac5f8-300x300.jpg 300w, https:\/\/klc-trade.de\/wp-content\/uploads\/2022\/11\/stacks-image-87ac5f8-150x150.jpg 150w\" sizes=\"auto, (max-width: 400px) 100vw, 400px\" \/><\/a><\/figure>\n\n<div class=\"gb-container gb-container-026cf8f7\"><div class=\"gb-inside-container\">\n<h5 style=\"font-style:normal;font-weight:700;\" class=\"wp-block-post-title\">Porte-fraises \u00e0 surfacer DIN 6357 avec canal d`arrosage (KK) et avec diam\u00e8tre de collerette \u00e9largi<\/h5>\n<\/div><\/div>\n<\/div><\/div>\n<\/li><li class=\"wp-block-post post-370 produkt type-produkt status-publish has-post-thumbnail hentry category-sk\">\n<div class=\"gb-container gb-container-20db8020\"><div class=\"gb-inside-container\">\n<figure class=\"wp-block-post-featured-image\"><a href=\"https:\/\/klc-trade.de\/fr\/produit\/broche-de-fraise-combinee-din-6358\/\" target=\"_self\"  ><img loading=\"lazy\" decoding=\"async\" width=\"400\" height=\"400\" src=\"https:\/\/klc-trade.de\/wp-content\/uploads\/2022\/11\/stacks-image-1818bc0.jpg\" class=\"attachment-post-thumbnail size-post-thumbnail wp-post-image\" alt=\"Porte-outils de fraisage combin\u00e9 DIN 6358\" style=\"object-fit:cover;\" srcset=\"https:\/\/klc-trade.de\/wp-content\/uploads\/2022\/11\/stacks-image-1818bc0.jpg 400w, https:\/\/klc-trade.de\/wp-content\/uploads\/2022\/11\/stacks-image-1818bc0-300x300.jpg 300w, https:\/\/klc-trade.de\/wp-content\/uploads\/2022\/11\/stacks-image-1818bc0-150x150.jpg 150w\" sizes=\"auto, (max-width: 400px) 100vw, 400px\" \/><\/a><\/figure>\n\n<div class=\"gb-container gb-container-026cf8f7\"><div class=\"gb-inside-container\">\n<h5 style=\"font-style:normal;font-weight:700;\" class=\"wp-block-post-title\">Porte-outils de fraisage combin\u00e9 DIN 6358<\/h5>\n<\/div><\/div>\n<\/div><\/div>\n<\/li><li class=\"wp-block-post post-373 produkt type-produkt status-publish has-post-thumbnail hentry category-sk\">\n<div class=\"gb-container gb-container-20db8020\"><div class=\"gb-inside-container\">\n<figure class=\"wp-block-post-featured-image\"><a href=\"https:\/\/klc-trade.de\/fr\/produit\/cosses-intermediaires\/\" target=\"_self\"  ><img loading=\"lazy\" decoding=\"async\" width=\"841\" height=\"841\" src=\"https:\/\/klc-trade.de\/wp-content\/uploads\/2022\/11\/stacks-image-997c7b5.jpg\" class=\"attachment-post-thumbnail size-post-thumbnail wp-post-image\" alt=\"Douille interm\u00e9diaire&lt;br&gt; pour outils \u00e0 c\u00f4ne morse DIN 6383 et \u00e0 trou filet\u00e9 DIN6364\" style=\"object-fit:cover;\" srcset=\"https:\/\/klc-trade.de\/wp-content\/uploads\/2022\/11\/stacks-image-997c7b5.jpg 841w, https:\/\/klc-trade.de\/wp-content\/uploads\/2022\/11\/stacks-image-997c7b5-300x300.jpg 300w, https:\/\/klc-trade.de\/wp-content\/uploads\/2022\/11\/stacks-image-997c7b5-150x150.jpg 150w, https:\/\/klc-trade.de\/wp-content\/uploads\/2022\/11\/stacks-image-997c7b5-768x768.jpg 768w\" sizes=\"auto, (max-width: 841px) 100vw, 841px\" \/><\/a><\/figure>\n\n<div class=\"gb-container gb-container-026cf8f7\"><div class=\"gb-inside-container\">\n<h5 style=\"font-style:normal;font-weight:700;\" class=\"wp-block-post-title\">Douille interm\u00e9diaire<br> pour outils \u00e0 c\u00f4ne morse DIN 6383 et \u00e0 trou filet\u00e9 DIN6364<\/h5>\n<\/div><\/div>\n<\/div><\/div>\n<\/li><li class=\"wp-block-post post-376 produkt type-produkt status-publish has-post-thumbnail hentry category-sk\">\n<div class=\"gb-container gb-container-20db8020\"><div class=\"gb-inside-container\">\n<figure class=\"wp-block-post-featured-image\"><a href=\"https:\/\/klc-trade.de\/fr\/produit\/manchon-reducteur-intermediaire\/\" target=\"_self\"  ><img loading=\"lazy\" decoding=\"async\" width=\"452\" height=\"452\" src=\"https:\/\/klc-trade.de\/wp-content\/uploads\/2022\/11\/stacks-image-12bf516.jpg\" class=\"attachment-post-thumbnail size-post-thumbnail wp-post-image\" alt=\"Douille interm\u00e9diaire\/douille de r\u00e9duction\" style=\"object-fit:cover;\" srcset=\"https:\/\/klc-trade.de\/wp-content\/uploads\/2022\/11\/stacks-image-12bf516.jpg 452w, https:\/\/klc-trade.de\/wp-content\/uploads\/2022\/11\/stacks-image-12bf516-300x300.jpg 300w, https:\/\/klc-trade.de\/wp-content\/uploads\/2022\/11\/stacks-image-12bf516-150x150.jpg 150w\" sizes=\"auto, (max-width: 452px) 100vw, 452px\" \/><\/a><\/figure>\n\n<div class=\"gb-container gb-container-026cf8f7\"><div class=\"gb-inside-container\">\n<h5 style=\"font-style:normal;font-weight:700;\" class=\"wp-block-post-title translation-block\">Douille interm\u00e9diaire\/<br>Douilles de r\u00e9duction<\/h5>\n<\/div><\/div>\n<\/div><\/div>\n<\/li><li class=\"wp-block-post post-379 produkt type-produkt status-publish has-post-thumbnail hentry category-sk\">\n<div class=\"gb-container gb-container-20db8020\"><div class=\"gb-inside-container\">\n<figure class=\"wp-block-post-featured-image\"><a href=\"https:\/\/klc-trade.de\/fr\/produit\/fraes-prise-pour-fraise-a-visser\/\" target=\"_self\"  ><img loading=\"lazy\" decoding=\"async\" width=\"400\" height=\"400\" src=\"https:\/\/klc-trade.de\/wp-content\/uploads\/2022\/11\/stacks-image-5d12283.jpg\" class=\"attachment-post-thumbnail size-post-thumbnail wp-post-image\" alt=\"Mandrin pour fraises \u00e0 queue filet\u00e9e, coniques\" style=\"object-fit:cover;\" srcset=\"https:\/\/klc-trade.de\/wp-content\/uploads\/2022\/11\/stacks-image-5d12283.jpg 400w, https:\/\/klc-trade.de\/wp-content\/uploads\/2022\/11\/stacks-image-5d12283-300x300.jpg 300w, https:\/\/klc-trade.de\/wp-content\/uploads\/2022\/11\/stacks-image-5d12283-150x150.jpg 150w\" sizes=\"auto, (max-width: 400px) 100vw, 400px\" \/><\/a><\/figure>\n\n<div class=\"gb-container gb-container-026cf8f7\"><div class=\"gb-inside-container\">\n<h5 style=\"font-style:normal;font-weight:700;\" class=\"wp-block-post-title\">Mandrin pour fraises \u00e0 queue filet\u00e9e, coniques<\/h5>\n<\/div><\/div>\n<\/div><\/div>\n<\/li><li class=\"wp-block-post post-382 produkt type-produkt status-publish has-post-thumbnail hentry category-sk\">\n<div class=\"gb-container gb-container-20db8020\"><div class=\"gb-inside-container\">\n<figure class=\"wp-block-post-featured-image\"><a href=\"https:\/\/klc-trade.de\/fr\/produit\/porte-foret-pour-foret-a-plaquettes-reversibles-e1\/\" target=\"_self\"  ><img loading=\"lazy\" decoding=\"async\" width=\"588\" height=\"588\" src=\"https:\/\/klc-trade.de\/wp-content\/uploads\/2022\/11\/stacks-image-0e97246.jpg\" class=\"attachment-post-thumbnail size-post-thumbnail wp-post-image\" alt=\"Porte foret pour foret \u00e0 plaquettes r\u00e9versible forme E1\" style=\"object-fit:cover;\" srcset=\"https:\/\/klc-trade.de\/wp-content\/uploads\/2022\/11\/stacks-image-0e97246.jpg 588w, https:\/\/klc-trade.de\/wp-content\/uploads\/2022\/11\/stacks-image-0e97246-300x300.jpg 300w, https:\/\/klc-trade.de\/wp-content\/uploads\/2022\/11\/stacks-image-0e97246-150x150.jpg 150w\" sizes=\"auto, (max-width: 588px) 100vw, 588px\" \/><\/a><\/figure>\n\n<div class=\"gb-container gb-container-026cf8f7\"><div class=\"gb-inside-container\">\n<h5 style=\"font-style:normal;font-weight:700;\" class=\"wp-block-post-title\">Porte foret pour foret \u00e0 plaquettes r\u00e9versible forme E1<\/h5>\n<\/div><\/div>\n<\/div><\/div>\n<\/li><li class=\"wp-block-post post-385 produkt type-produkt status-publish has-post-thumbnail hentry category-sk\">\n<div class=\"gb-container gb-container-20db8020\"><div class=\"gb-inside-container\">\n<figure class=\"wp-block-post-featured-image\"><a href=\"https:\/\/klc-trade.de\/fr\/produit\/ebauche-de-barre-dalesage-pour-la-fabrication-doutils-speciaux\/\" target=\"_self\"  ><img loading=\"lazy\" decoding=\"async\" width=\"400\" height=\"400\" src=\"https:\/\/klc-trade.de\/wp-content\/uploads\/2022\/11\/stacks-image-34fa640.jpg\" class=\"attachment-post-thumbnail size-post-thumbnail wp-post-image\" alt=\"Barre d&#039;al\u00e9sage\" style=\"object-fit:cover;\" srcset=\"https:\/\/klc-trade.de\/wp-content\/uploads\/2022\/11\/stacks-image-34fa640.jpg 400w, https:\/\/klc-trade.de\/wp-content\/uploads\/2022\/11\/stacks-image-34fa640-300x300.jpg 300w, https:\/\/klc-trade.de\/wp-content\/uploads\/2022\/11\/stacks-image-34fa640-150x150.jpg 150w\" sizes=\"auto, (max-width: 400px) 100vw, 400px\" \/><\/a><\/figure>\n\n<div class=\"gb-container gb-container-026cf8f7\"><div class=\"gb-inside-container\">\n<h5 style=\"font-style:normal;font-weight:700;\" class=\"wp-block-post-title\">Barre d'al\u00e9sage<\/h5>\n<\/div><\/div>\n<\/div><\/div>\n<\/li><li class=\"wp-block-post post-388 produkt type-produkt status-publish has-post-thumbnail hentry category-sk\">\n<div class=\"gb-container gb-container-20db8020\"><div class=\"gb-inside-container\">\n<figure class=\"wp-block-post-featured-image\"><a href=\"https:\/\/klc-trade.de\/fr\/produit\/logement-du-mandrindin-238\/\" target=\"_self\"  ><img loading=\"lazy\" decoding=\"async\" width=\"400\" height=\"400\" src=\"https:\/\/klc-trade.de\/wp-content\/uploads\/2022\/11\/stacks-image-00fa34b.jpg\" class=\"attachment-post-thumbnail size-post-thumbnail wp-post-image\" alt=\"Porte-mandrinDIN 238\" style=\"object-fit:cover;\" srcset=\"https:\/\/klc-trade.de\/wp-content\/uploads\/2022\/11\/stacks-image-00fa34b.jpg 400w, https:\/\/klc-trade.de\/wp-content\/uploads\/2022\/11\/stacks-image-00fa34b-300x300.jpg 300w, https:\/\/klc-trade.de\/wp-content\/uploads\/2022\/11\/stacks-image-00fa34b-150x150.jpg 150w\" sizes=\"auto, (max-width: 400px) 100vw, 400px\" \/><\/a><\/figure>\n\n<div class=\"gb-container gb-container-026cf8f7\"><div class=\"gb-inside-container\">\n<h5 style=\"font-style:normal;font-weight:700;\" class=\"wp-block-post-title translation-block\">Arbre pour mandrin de per\u00e7age DIN 238<\/h5>\n<\/div><\/div>\n<\/div><\/div>\n<\/li><li class=\"wp-block-post post-391 produkt type-produkt status-publish has-post-thumbnail hentry category-sk\">\n<div class=\"gb-container gb-container-20db8020\"><div class=\"gb-inside-container\">\n<figure class=\"wp-block-post-featured-image\"><a href=\"https:\/\/klc-trade.de\/fr\/produit\/mandrins-de-controle\/\" target=\"_self\"  ><img loading=\"lazy\" decoding=\"async\" width=\"400\" height=\"400\" src=\"https:\/\/klc-trade.de\/wp-content\/uploads\/2022\/11\/stacks-image-9061caf.jpg\" class=\"attachment-post-thumbnail size-post-thumbnail wp-post-image\" alt=\"Mandrins de contr\u00f4le\" style=\"object-fit:cover;\" srcset=\"https:\/\/klc-trade.de\/wp-content\/uploads\/2022\/11\/stacks-image-9061caf.jpg 400w, https:\/\/klc-trade.de\/wp-content\/uploads\/2022\/11\/stacks-image-9061caf-300x300.jpg 300w, https:\/\/klc-trade.de\/wp-content\/uploads\/2022\/11\/stacks-image-9061caf-150x150.jpg 150w\" sizes=\"auto, (max-width: 400px) 100vw, 400px\" \/><\/a><\/figure>\n\n<div class=\"gb-container gb-container-026cf8f7\"><div class=\"gb-inside-container\">\n<h5 style=\"font-style:normal;font-weight:700;\" class=\"wp-block-post-title\">Mandrins de contr\u00f4le<\/h5>\n<\/div><\/div>\n<\/div><\/div>\n<\/li><\/ul><\/div>\n\n<\/div><\/div>","protected":false},"excerpt":{"rendered":"<p>SK DIN ISO 7388-1 AD (DIN 69871)<\/p>","protected":false},"author":1,"featured_media":160,"parent":35,"menu_order":0,"comment_status":"closed","ping_status":"closed","template":"","meta":{"_acf_changed":false,"slim_seo":{"title":"SK DIN ISO 7388-1 AD (DIN 69871) - SOLUTIONS pour machines CNC","description":""},"footnotes":""},"class_list":["post-158","page","type-page","status-publish","has-post-thumbnail"],"acf":[],"_links":{"self":[{"href":"https:\/\/klc-trade.de\/fr\/wp-json\/wp\/v2\/pages\/158","targetHints":{"allow":["GET"]}}],"collection":[{"href":"https:\/\/klc-trade.de\/fr\/wp-json\/wp\/v2\/pages"}],"about":[{"href":"https:\/\/klc-trade.de\/fr\/wp-json\/wp\/v2\/types\/page"}],"author":[{"embeddable":true,"href":"https:\/\/klc-trade.de\/fr\/wp-json\/wp\/v2\/users\/1"}],"replies":[{"embeddable":true,"href":"https:\/\/klc-trade.de\/fr\/wp-json\/wp\/v2\/comments?post=158"}],"version-history":[{"count":12,"href":"https:\/\/klc-trade.de\/fr\/wp-json\/wp\/v2\/pages\/158\/revisions"}],"predecessor-version":[{"id":1118,"href":"https:\/\/klc-trade.de\/fr\/wp-json\/wp\/v2\/pages\/158\/revisions\/1118"}],"up":[{"embeddable":true,"href":"https:\/\/klc-trade.de\/fr\/wp-json\/wp\/v2\/pages\/35"}],"wp:featuredmedia":[{"embeddable":true,"href":"https:\/\/klc-trade.de\/fr\/wp-json\/wp\/v2\/media\/160"}],"wp:attachment":[{"href":"https:\/\/klc-trade.de\/fr\/wp-json\/wp\/v2\/media?parent=158"}],"curies":[{"name":"wp","href":"https:\/\/api.w.org\/{rel}","templated":true}]}}