{"id":15,"date":"2022-10-31T16:37:07","date_gmt":"2022-10-31T15:37:07","guid":{"rendered":"https:\/\/klc-trade.de\/?page_id=15"},"modified":"2024-07-05T07:38:35","modified_gmt":"2024-07-05T05:38:35","slug":"home","status":"publish","type":"page","link":"https:\/\/klc-trade.de\/fr\/","title":{"rendered":"Bienvenue sur"},"content":{"rendered":"<div class=\"gb-container gb-container-6060bbc5\"><div class=\"gb-inside-container\">\n\n<h1 class=\"gb-headline gb-headline-b4ab75bf gb-headline-text\">Bienvenue chez KLC Trade GmbH<\/h1>\n\n<\/div><\/div>\n\n<div class=\"gb-container gb-container-c16d187e\"><div class=\"gb-inside-container\">\n\n<div class=\"wp-block-columns is-layout-flex wp-container-core-columns-is-layout-9d6595d7 wp-block-columns-is-layout-flex\">\n<div class=\"wp-block-column is-layout-flow wp-block-column-is-layout-flow\" style=\"flex-basis:66.66%\">\n<p>En tant que producteur et fournisseur de&nbsp;<a href=\"https:\/\/klc-trade.de\/fr\/groupes-de-produits\/\" data-type=\"page\" data-id=\"35\">porte-outils&nbsp;<\/a>pour les centres d'usinage et les fraiseuses ainsi que pour les pi\u00e8ces tourn\u00e9es et frais\u00e9es, nous sommes partenaires des principaux fournisseurs de syst\u00e8mes d'outils pour l'usinage des m\u00e9taux par enl\u00e8vement de copeaux. Nous proposons entre autres un programme complet de&nbsp;<a href=\"https:\/\/klc-trade.de\/fr\/qualite\/\" data-type=\"page\" data-id=\"36\">porte-outils de haute pr\u00e9cision<\/a>.<\/p>\n\n\n\n<p>Nous sommes en mesure de fabriquer et de livrer rapidement et de mani\u00e8re flexible de nombreux composants et accessoires diff\u00e9rents selon les normes de qualit\u00e9 allemandes, en fonction de vos exigences. Pour ce faire, nous pouvons compter, tout comme vous, sur plus de 20 ans d'exp\u00e9rience dans la fabrication et la distribution.<\/p>\n\n\n\n<p>En tant que&nbsp;<a href=\"https:\/\/klc-trade.de\/fr\/entreprise\/\" data-type=\"page\" data-id=\"34\">un prestataire de services comp\u00e9tent<\/a>&nbsp;KLC Trade propose des solutions pour la construction d'outils et de machines, l'industrie automobile, la fabrication de moules, en un mot, les secteurs prometteurs.<\/p>\n\n\n\n<p>Nous prenons en charge tous les travaux n\u00e9cessaires \u00e0 la r\u00e9alisation professionnelle de votre commande. Un haut degr\u00e9 d'int\u00e9gration verticale garantit des d\u00e9lais d'ex\u00e9cution courts et une qualit\u00e9 maximale.<\/p>\n<\/div>\n\n\n\n<div class=\"wp-block-column is-layout-flow wp-block-column-is-layout-flow\" style=\"flex-basis:33.33%\">\n<figure class=\"wp-block-image size-large\"><img loading=\"lazy\" decoding=\"async\" width=\"1024\" height=\"1024\" src=\"http:\/\/klc-trade.de\/wp-content\/uploads\/2022\/10\/stacks-image-7cda9aa-1200x1200-1-1024x1024.jpg\" alt=\"\" class=\"wp-image-57\" srcset=\"https:\/\/klc-trade.de\/wp-content\/uploads\/2022\/10\/stacks-image-7cda9aa-1200x1200-1-1024x1024.jpg 1024w, https:\/\/klc-trade.de\/wp-content\/uploads\/2022\/10\/stacks-image-7cda9aa-1200x1200-1-300x300.jpg 300w, https:\/\/klc-trade.de\/wp-content\/uploads\/2022\/10\/stacks-image-7cda9aa-1200x1200-1-150x150.jpg 150w, https:\/\/klc-trade.de\/wp-content\/uploads\/2022\/10\/stacks-image-7cda9aa-1200x1200-1-768x768.jpg 768w, https:\/\/klc-trade.de\/wp-content\/uploads\/2022\/10\/stacks-image-7cda9aa-1200x1200-1.jpg 1200w\" sizes=\"auto, (max-width: 1024px) 100vw, 1024px\" \/><\/figure>\n<\/div>\n<\/div>\n\n<\/div><\/div>","protected":false},"excerpt":{"rendered":"<p>Bienvenue chez KLC Trade GmbH En tant que producteur et fournisseur de porte-outils pour centres d'usinage et fraiseuses et de pi\u00e8ces tourn\u00e9es et frais\u00e9es, nous sommes partenaires des principaux fournisseurs de syst\u00e8mes d'outils pour l'usinage des m\u00e9taux par enl\u00e8vement de copeaux. Nous proposons entre autres une gamme compl\u00e8te de porte-outils de haute pr\u00e9cision. Nous sommes en mesure de vous fournir rapidement et de mani\u00e8re flexible de nombreux composants et accessoires ... <a title=\"Bienvenue sur\" class=\"read-more\" href=\"https:\/\/klc-trade.de\/fr\/\" aria-label=\"En savoir plus sur Willkommen\">Lire la suite ...<\/a><\/p>","protected":false},"author":1,"featured_media":0,"parent":0,"menu_order":0,"comment_status":"closed","ping_status":"closed","template":"","meta":{"_acf_changed":false,"slim_seo":{"title":"SOLUTIONS pour machines CNC - Qualit\u00e9 de notre propre fabrication","description":""},"footnotes":""},"class_list":["post-15","page","type-page","status-publish"],"acf":[],"_links":{"self":[{"href":"https:\/\/klc-trade.de\/fr\/wp-json\/wp\/v2\/pages\/15","targetHints":{"allow":["GET"]}}],"collection":[{"href":"https:\/\/klc-trade.de\/fr\/wp-json\/wp\/v2\/pages"}],"about":[{"href":"https:\/\/klc-trade.de\/fr\/wp-json\/wp\/v2\/types\/page"}],"author":[{"embeddable":true,"href":"https:\/\/klc-trade.de\/fr\/wp-json\/wp\/v2\/users\/1"}],"replies":[{"embeddable":true,"href":"https:\/\/klc-trade.de\/fr\/wp-json\/wp\/v2\/comments?post=15"}],"version-history":[{"count":11,"href":"https:\/\/klc-trade.de\/fr\/wp-json\/wp\/v2\/pages\/15\/revisions"}],"predecessor-version":[{"id":1153,"href":"https:\/\/klc-trade.de\/fr\/wp-json\/wp\/v2\/pages\/15\/revisions\/1153"}],"wp:attachment":[{"href":"https:\/\/klc-trade.de\/fr\/wp-json\/wp\/v2\/media?parent=15"}],"curies":[{"name":"wp","href":"https:\/\/api.w.org\/{rel}","templated":true}]}}