{"id":38,"date":"2022-10-31T17:15:31","date_gmt":"2022-10-31T16:15:31","guid":{"rendered":"https:\/\/klc-trade.de\/?page_id=38"},"modified":"2022-11-09T13:24:38","modified_gmt":"2022-11-09T12:24:38","slug":"imprimir","status":"publish","type":"page","link":"https:\/\/klc-trade.de\/es\/imprimir\/","title":{"rendered":"Pie de imprenta"},"content":{"rendered":"<div class=\"gb-container gb-container-2e7ccbc2\"><div class=\"gb-inside-container\">\n\n<h1 class=\"gb-headline gb-headline-1955ea55 gb-headline-text\">Pie de imprenta<\/h1>\n\n\n\n<div class=\"wp-block-columns is-layout-flex wp-container-core-columns-is-layout-9d6595d7 wp-block-columns-is-layout-flex\">\n<div class=\"wp-block-column is-layout-flow wp-block-column-is-layout-flow\" style=\"flex-basis:66.66%\">\n<h3 class=\"wp-block-heading\">Responsabilidad por el contenido<\/h3>\n\n\n\n<p>Los contenidos de nuestro sitio web han sido elaborados con el m\u00e1ximo cuidado. No obstante, no se puede garantizar la exactitud, integridad y actualidad de la informaci\u00f3n contenida. Queda excluida cualquier responsabilidad por da\u00f1os derivados directa o indirectamente del uso de este sitio web, a menos que hayan sido causados por dolo o negligencia grave.<\/p>\n\n\n\n<p>Como proveedor de servicios, somos responsables de nuestros propios contenidos en estas p\u00e1ginas de acuerdo con las leyes generales seg\u00fan \u00a7 7 p\u00e1rrafo 1 TMG. Sin embargo, seg\u00fan los \u00a7\u00a7 8 a 10 TMG, como proveedor de servicios no estamos obligados a controlar la informaci\u00f3n ajena transmitida o almacenada ni a investigar circunstancias que indiquen una actividad ilegal. Esto no afecta a las obligaciones de eliminar o bloquear el uso de informaci\u00f3n de acuerdo con las leyes generales. Sin embargo, la responsabilidad a este respecto s\u00f3lo es posible a partir del momento en que se tiene conocimiento de una infracci\u00f3n concreta. Si tenemos conocimiento de alguna infracci\u00f3n de este tipo, eliminaremos inmediatamente el contenido correspondiente.<\/p>\n\n\n\n<h3 class=\"wp-block-heading\">Responsabilidad por enlaces<\/h3>\n\n\n\n<p class=\"translation-block\">Nuestro sitio web contiene enlaces a sitios web externos de terceros sobre cuyo contenido no tenemos ninguna influencia. Por lo tanto, no podemos asumir ninguna responsabilidad por estos contenidos externos. El respectivo proveedor u operador de las p\u00e1ginas es siempre responsable del contenido de las p\u00e1ginas enlazadas. En el momento de establecer el enlace se comprob\u00f3 si las p\u00e1ginas enlazadas infring\u00edan la ley.\nEn el momento de establecer el enlace no se detectaron contenidos ilegales. Sin embargo, no es razonable un control permanente de los contenidos de las p\u00e1ginas enlazadas sin indicios concretos de una infracci\u00f3n legal. Si tenemos conocimiento de alguna infracci\u00f3n, eliminaremos dichos enlaces inmediatamente.<\/p>\n\n\n\n<h3 class=\"wp-block-heading\">Derechos de autor - fotos y textos<\/h3>\n\n\n\n<p>KLC Trade GmbH posee todos los derechos sobre las im\u00e1genes publicadas. Los derechos de autor son intransferibles. Todos los textos de esta p\u00e1gina web han sido creados por nosotros, a menos que se indique lo contrario. Queda prohibida la publicaci\u00f3n de textos de esta p\u00e1gina web en otros lugares sin nuestra autorizaci\u00f3n expresa. En la medida en que el contenido de este sitio no haya sido creado por el operador, se respetan los derechos de autor de terceros. No obstante, si tiene conocimiento de una infracci\u00f3n de los derechos de autor, le rogamos que nos lo comunique. Si tenemos conocimiento de alguna infracci\u00f3n, eliminaremos dicho contenido inmediatamente.<\/p>\n\n\n\n<p>La menci\u00f3n de productos o mercanc\u00edas tiene car\u00e1cter meramente informativo; las marcas y nombres comerciales utilizados son propiedad de sus respectivos due\u00f1os.<\/p>\n\n\n\n<p><strong>Implementaci\u00f3n y mantenimiento del sitio web<\/strong>:<br><a rel=\"noreferrer noopener\" href=\"https:\/\/julianstark.de\/?utm_source=kd_page&amp;utm_medium=klc-trade&amp;utm_campaign=klc-trade_impressum\" target=\"_blank\">Julian Stark - Desarrollo web WordPress T\u00fcbingen<\/a><\/p>\n\n\n\n<p><strong>Fotos<\/strong>:<br>KLC Trade GmbH<br>Hemos adquirido las siguientes im\u00e1genes con fines ilustrativos con la amable autorizaci\u00f3n de la biblioteca de im\u00e1genes Adobe Stock:<br>fresadora cnc en la industria del trabajo del metal. Fabricaci\u00f3n y mecanizado de precisi\u00f3n multiherramienta<br>Por Kadmy; N\u00ba DE ARCHIVO: 273085983<br>La ilustraci\u00f3n de fondo de la p\u00e1gina de BIENVENIDOS es de Fotolia.<\/p>\n\n\n\n<p><strong>Responsable del contenido seg\u00fan \u00a7 5 TMG y \u00a7 55 Abs. 2 RStV:<\/strong><br>Kivanc Kilic, Director General<br><br><\/p>\n\n\n\n<h4 class=\"wp-block-heading\">KLC Trade GmbH<\/h4>\n\n\n\n<p>Hallstattstr. 17, 72144 Du\u00dflingen, Alemania<\/p>\n\n\n\n<p><\/p>\n\n\n\n<p><\/p>\n<\/div>\n\n\n\n<div class=\"wp-block-column is-layout-flow wp-block-column-is-layout-flow\" style=\"flex-basis:33.33%\">\n<p class=\"gb-headline gb-headline-55166fdc gb-headline-text\"><strong>Responsable del contenido seg\u00fan \u00a7 5 TMG y \u00a7 55 Abs. 2 RStV:<\/strong><br>Kivanc Kilic, Director General<\/p>\n\n\n\n<h4 class=\"wp-block-heading\"><strong>KLC Trade GmbH<\/strong><\/h4>\n\n\n\n<p>Hallstattstr. 17<br>72144 Du\u00dflingen \/ Alemania<\/p>\n\n\n\n<p><strong>CIF<\/strong>&nbsp;DE 301 820 732<\/p>\n\n\n\n<p>T. +49 (0) 7072 2088600<br>F. +49 (0) 7072 2088601<\/p>\n\n\n\n<p>info(at)klc-trade.com<br>www.klc-trade.com<\/p>\n<\/div>\n<\/div>\n\n<\/div><\/div>","protected":false},"excerpt":{"rendered":"<p>Pie de imprenta Responsabilidad por los contenidos Los contenidos de nuestro sitio web han sido elaborados con el m\u00e1ximo esmero. No obstante, no se puede garantizar la exactitud, integridad y actualidad de la informaci\u00f3n contenida. Queda excluida cualquier responsabilidad por da\u00f1os derivados directa o indirectamente del uso de este sitio web, a menos que hayan sido causados por dolo o negligencia grave. Como proveedor de servicios ... <a title=\"Pie de imprenta\" class=\"read-more\" href=\"https:\/\/klc-trade.de\/es\/imprimir\/\" aria-label=\"Leer m\u00e1s sobre Pie de imprenta\">Leer m\u00e1s ...<\/a><\/p>","protected":false},"author":1,"featured_media":0,"parent":0,"menu_order":0,"comment_status":"closed","ping_status":"closed","template":"","meta":{"_acf_changed":false,"slim_seo":{"title":"Pie de imprenta - SOLUCIONES para m\u00e1quinas CNC","description":""},"footnotes":""},"class_list":["post-38","page","type-page","status-publish"],"acf":[],"_links":{"self":[{"href":"https:\/\/klc-trade.de\/es\/wp-json\/wp\/v2\/pages\/38","targetHints":{"allow":["GET"]}}],"collection":[{"href":"https:\/\/klc-trade.de\/es\/wp-json\/wp\/v2\/pages"}],"about":[{"href":"https:\/\/klc-trade.de\/es\/wp-json\/wp\/v2\/types\/page"}],"author":[{"embeddable":true,"href":"https:\/\/klc-trade.de\/es\/wp-json\/wp\/v2\/users\/1"}],"replies":[{"embeddable":true,"href":"https:\/\/klc-trade.de\/es\/wp-json\/wp\/v2\/comments?post=38"}],"version-history":[{"count":8,"href":"https:\/\/klc-trade.de\/es\/wp-json\/wp\/v2\/pages\/38\/revisions"}],"predecessor-version":[{"id":856,"href":"https:\/\/klc-trade.de\/es\/wp-json\/wp\/v2\/pages\/38\/revisions\/856"}],"wp:attachment":[{"href":"https:\/\/klc-trade.de\/es\/wp-json\/wp\/v2\/media?parent=38"}],"curies":[{"name":"wp","href":"https:\/\/api.w.org\/{rel}","templated":true}]}}