{"id":37,"date":"2022-10-31T17:15:31","date_gmt":"2022-10-31T16:15:31","guid":{"rendered":"https:\/\/klc-trade.de\/?page_id=37"},"modified":"2024-05-17T13:46:46","modified_gmt":"2024-05-17T11:46:46","slug":"pongase-en-contacto-con","status":"publish","type":"page","link":"https:\/\/klc-trade.de\/es\/pongase-en-contacto-con\/","title":{"rendered":"Contacto"},"content":{"rendered":"<div class=\"gb-container gb-container-2e7ccbc2\"><div class=\"gb-inside-container\">\n\n<h1 class=\"gb-headline gb-headline-1955ea55 gb-headline-text\">Contacto<\/h1>\n\n\n\n<div class=\"wp-block-columns is-layout-flex wp-container-core-columns-is-layout-9d6595d7 wp-block-columns-is-layout-flex\">\n<div class=\"wp-block-column is-layout-flow wp-block-column-is-layout-flow\" style=\"flex-basis:66.66%\">\n<h3 class=\"wp-block-heading\">\u00bfTiene preguntas sobre su pedido?<\/h3>\n\n\n\n<p>...o simplemente quiere saber m\u00e1s?<\/p>\n\n\n<div class=\"gb-container gb-container-dbeb2d6e\"><div class=\"gb-inside-container\">\n<div class='fluentform ff-default fluentform_wrapper_3 ffs_default_wrap'><form data-form_id=\"3\" id=\"fluentform_3\" class=\"frm-fluent-form fluent_form_3 ff-el-form-top ff_form_instance_3_1 ff-form-loading ffs_default\" data-form_instance=\"ff_form_instance_3_1\" method=\"POST\" data-turnstile_key=\"0x4AAAAAAAXimyNtoTlzqSx3\" action=\"\" ><fieldset  style=\"border: none!important;margin: 0!important;padding: 0!important;background-color: transparent!important;box-shadow: none!important;outline: none!important; min-inline-size: 100%;\">\n                    <legend class=\"ff_screen_reader_title\" style=\"display: block; margin: 0!important;padding: 0!important;height: 0!important;text-indent: -999999px;width: 0!important;overflow:hidden;\">Contacto<\/legend><input type='hidden' name='__fluent_form_embded_post_id' value='37' \/><input type=\"hidden\" id=\"_fluentform_3_fluentformnonce\" name=\"_fluentform_3_fluentformnonce\" value=\"f268be1200\" \/><input type=\"hidden\" name=\"_wp_http_referer\" value=\"\/es\/wp-json\/wp\/v2\/pages\/37\" \/><div class='ff-el-group'><div class=\"ff-el-input--label ff-el-is-required asterisk-right\"><label for='ff_3_input_text' id='label_ff_3_input_text' aria-label=\"Nombre\">Nombre<\/label><\/div><div class='ff-el-input--content'><input type=\"text\" name=\"input_text\" class=\"ff-el-form-control\" data-name=\"input_text\" id=\"ff_3_input_text\"  aria-invalid=\"false\" aria-required=\"true\"><\/div><\/div><div class='ff-el-group'><div class=\"ff-el-input--label ff-el-is-required asterisk-right\"><label for='ff_3_input_text_1' id='label_ff_3_input_text_1' aria-label=\"Compa\u00f1\u00eda\">Compa\u00f1\u00eda<\/label><\/div><div class='ff-el-input--content'><input type=\"text\" name=\"input_text_1\" class=\"ff-el-form-control\" data-name=\"input_text_1\" id=\"ff_3_input_text_1\"  aria-invalid=\"false\" aria-required=\"true\"><\/div><\/div><div class='ff-el-group'><div class=\"ff-el-input--label ff-el-is-required asterisk-right\"><label for='ff_3_email' id='label_ff_3_email' aria-label=\"E-Mail\">E-Mail<\/label><\/div><div class='ff-el-input--content'><input type=\"email\" name=\"email\" id=\"ff_3_email\" class=\"ff-el-form-control\" placeholder=\"E-Mail\" data-name=\"email\"  aria-invalid=\"false\" aria-required=\"true\"><\/div><\/div><div class='ff-el-group'><div class=\"ff-el-input--label ff-el-is-required asterisk-right\"><label for='ff_3_description' id='label_ff_3_description' aria-label=\"Mensaje\">Mensaje<\/label><\/div><div class='ff-el-input--content'><textarea aria-required=\"true\" aria-labelledby=\"label_ff_3_description\" name=\"description\" id=\"ff_3_description\" class=\"ff-el-form-control\" rows=\"4\" cols=\"2\" data-name=\"description\" ><\/textarea><\/div><\/div><div class='ff-el-group' ><div class='ff-el-input--content'><div data-fluent_id='3' name='cf-turnstile-response'><div\n\t\tdata-sitekey='0x4AAAAAAAXimyNtoTlzqSx3'\n\t\tdata-theme='light'\n\t\tid='fluentform-turnstile-3-1'\n\t\tclass='ff-el-turnstile cf-turnstile'\n\t\tdata-appearance='execute'><\/div><\/div><\/div><\/div><div class='ff-el-group ff-text-left ff_submit_btn_wrapper'><button type=\"submit\" class=\"ff-btn ff-btn-submit ff-btn-md ff_btn_style wpf_has_custom_css\"  aria-label=\"Enviar\">Enviar<\/button><\/div><\/fieldset><input type=\"hidden\" name=\"trp-form-language\" value=\"es\"\/><\/form><div id='fluentform_3_errors' class='ff-errors-in-stack ff_form_instance_3_1 ff-form-loading_errors ff_form_instance_3_1_errors'><\/div><\/div>            <script type=\"text\/javascript\">\n                window.fluent_form_ff_form_instance_3_1 = {\"id\":\"3\",\"settings\":{\"layout\":{\"labelPlacement\":\"top\",\"helpMessagePlacement\":\"with_label\",\"errorMessagePlacement\":\"inline\",\"cssClassName\":\"\",\"asteriskPlacement\":\"asterisk-right\"},\"restrictions\":{\"denyEmptySubmission\":{\"enabled\":false}}},\"form_instance\":\"ff_form_instance_3_1\",\"form_id_selector\":\"fluentform_3\",\"rules\":{\"input_text\":{\"required\":{\"value\":true,\"message\":\"Dieses Feld ist erforderlich\",\"global_message\":\"Dieses Feld ist erforderlich\",\"global\":true}},\"input_text_1\":{\"required\":{\"value\":true,\"message\":\"Dieses Feld ist erforderlich\",\"global_message\":\"Dieses Feld ist erforderlich\",\"global\":true}},\"email\":{\"required\":{\"value\":true,\"message\":\"Dieses Feld ist erforderlich\",\"global_message\":\"Dieses Feld ist erforderlich\",\"global\":true},\"email\":{\"value\":true,\"message\":\"Dieses Feld muss eine g\\u00fcltige E-Mail-Adresse enthalten\",\"global_message\":\"Dieses Feld muss eine g\\u00fcltige E-Mail-Adresse enthalten\",\"global\":true}},\"description\":{\"required\":{\"value\":true,\"message\":\"Dieses Feld ist erforderlich\",\"global_message\":\"Dieses Feld ist erforderlich\",\"global\":true}},\"cf-turnstile-response\":[]},\"debounce_time\":300};\n                            <\/script>\n            \n\n<\/div><\/div><\/div>\n\n\n\n<div class=\"wp-block-column is-layout-flow wp-block-column-is-layout-flow\" style=\"flex-basis:33.33%\">\n<h4 class=\"wp-block-heading\">KLC TRADE GmbH<\/h4>\n\n\n\n<p>Hallstattstr. 17<br>72144 Du\u00dflingen \/ Alemania<\/p>\n\n\n\n<p>T. <a href=\"tel:+4970722088600\" data-type=\"tel\" data-id=\"tel:+4970722088600\">+49 (0) 7072 2088600<\/a><br>F. <a href=\"tel:+4970722088601\" data-type=\"tel\" data-id=\"tel:+4970722088601\">+49 (0) 7072 2088601<\/a><\/p>\n\n\n\n<p><a href=\"mailto:info@klc-trade.com\" data-type=\"mailto\" data-id=\"mailto:info@klc-trade.com\">info@klc-trade.com<\/a><br><a href=\"http:\/\/www.klc-trade.com\" data-type=\"URL\" data-id=\"www.klc-trade.com\">www.klc-trade.com<\/a><\/p>\n\n\n\n<p class=\"translation-block\">Un boceto a mano, un dibujo CAD o una primera idea: KLC Trade GmbH es siempre el lugar adecuado para usted. Nuestros empleados estar\u00e1n encantados de ayudarle. Simplemente ll\u00e1menos al tel\u00e9fono <br><strong>+49 (0) 7072 2088600<\/strong> o escr\u00edbanos un correo electr\u00f3nico a info@klc-trade.com.<\/p>\n<\/div>\n<\/div>\n\n\n\n<p>Bas\u00e1ndonos en nuestra experiencia en trabajos constructivos, desarrollamos el producto exacto para su aplicaci\u00f3n a partir de sus especificaciones. En estrecho contacto con usted y nuestro departamento de producci\u00f3n, garantizamos una realizaci\u00f3n r\u00e1pida y precisa. Como muestra o directamente en la cantidad deseada.<\/p>\n\n<\/div><\/div>\n\n<div class=\"gb-container gb-container-b1757e00\"><div class=\"gb-inside-container\">\n\n<iframe src=\"https:\/\/www.google.com\/maps\/embed?pb=!1m14!1m8!1m3!1d112273.26476262855!2d9.063616106782598!3d48.45191574948369!3m2!1i1024!2i768!4f13.1!3m3!1m2!1s0x0%3A0x1cfeec20d6ab93a6!2sKLC%20Trade%20GmbH!5e0!3m2!1sde!2sde!4v1667811812153!5m2!1sde!2sde\" width=\"1200\" height=\"450\" style=\"border:0; padding-top:20px;\" allowfullscreen=\"\" loading=\"lazy\" referrerpolicy=\"no-referrer-when-downgrade\"><\/iframe>\n\n<\/div><\/div>","protected":false},"excerpt":{"rendered":"<p>Contacto \u00bfTiene alguna pregunta sobre su pedido? ...o simplemente quiere saber m\u00e1s? KLC TRADE GmbH Hallstattstr. 1772144 Du\u00dflingen T. +49 (0) 7072 2088600F. +49 (0) 7072 2088601 info@klc-trade.comwww.klc-trade.com Un boceto a mano, un dibujo CAD o una idea inicial: KLC Trade GmbH es siempre el lugar adecuado para usted. Nuestros empleados estar\u00e1n encantados de ayudarle. Ll\u00e1menos ... <a title=\"Contacto\" class=\"read-more\" href=\"https:\/\/klc-trade.de\/es\/pongase-en-contacto-con\/\" aria-label=\"Leer m\u00e1s sobre Contacto\">Leer m\u00e1s ...<\/a><\/p>","protected":false},"author":1,"featured_media":0,"parent":0,"menu_order":0,"comment_status":"closed","ping_status":"closed","template":"","meta":{"_acf_changed":false,"slim_seo":{"title":"Contacto - SOLUCIONES para m\u00e1quinas CNC","description":""},"footnotes":""},"class_list":["post-37","page","type-page","status-publish"],"acf":[],"_links":{"self":[{"href":"https:\/\/klc-trade.de\/es\/wp-json\/wp\/v2\/pages\/37","targetHints":{"allow":["GET"]}}],"collection":[{"href":"https:\/\/klc-trade.de\/es\/wp-json\/wp\/v2\/pages"}],"about":[{"href":"https:\/\/klc-trade.de\/es\/wp-json\/wp\/v2\/types\/page"}],"author":[{"embeddable":true,"href":"https:\/\/klc-trade.de\/es\/wp-json\/wp\/v2\/users\/1"}],"replies":[{"embeddable":true,"href":"https:\/\/klc-trade.de\/es\/wp-json\/wp\/v2\/comments?post=37"}],"version-history":[{"count":13,"href":"https:\/\/klc-trade.de\/es\/wp-json\/wp\/v2\/pages\/37\/revisions"}],"predecessor-version":[{"id":1152,"href":"https:\/\/klc-trade.de\/es\/wp-json\/wp\/v2\/pages\/37\/revisions\/1152"}],"wp:attachment":[{"href":"https:\/\/klc-trade.de\/es\/wp-json\/wp\/v2\/media?parent=37"}],"curies":[{"name":"wp","href":"https:\/\/api.w.org\/{rel}","templated":true}]}}