{"id":36,"date":"2022-10-31T17:15:31","date_gmt":"2022-10-31T16:15:31","guid":{"rendered":"https:\/\/klc-trade.de\/?page_id=36"},"modified":"2022-11-08T17:12:06","modified_gmt":"2022-11-08T16:12:06","slug":"calidad","status":"publish","type":"page","link":"https:\/\/klc-trade.de\/es\/calidad\/","title":{"rendered":"Calidad"},"content":{"rendered":"<figure class=\"wp-block-image size-full qualit\u00e4t_hero\"><img loading=\"lazy\" decoding=\"async\" width=\"960\" height=\"500\" src=\"http:\/\/klc-trade.de\/wp-content\/uploads\/2022\/10\/stacks-image-7216d4a.jpg\" alt=\"\" class=\"wp-image-87\" srcset=\"https:\/\/klc-trade.de\/wp-content\/uploads\/2022\/10\/stacks-image-7216d4a.jpg 960w, https:\/\/klc-trade.de\/wp-content\/uploads\/2022\/10\/stacks-image-7216d4a-300x156.jpg 300w, https:\/\/klc-trade.de\/wp-content\/uploads\/2022\/10\/stacks-image-7216d4a-768x400.jpg 768w\" sizes=\"auto, (max-width: 960px) 100vw, 960px\" \/><\/figure>\n\n\n<div class=\"gb-container gb-container-6060bbc5\"><div class=\"gb-inside-container\">\n\n<h1 class=\"gb-headline gb-headline-b4ab75bf gb-headline-text\">La calidad se crea aqu\u00ed<\/h1>\n\n<\/div><\/div>\n\n<div class=\"gb-container gb-container-2e7ccbc2\"><div class=\"gb-inside-container\">\n\n<p><strong>Material:&nbsp;<\/strong>Acero aleado de cementaci\u00f3n con una resistencia a la tracci\u00f3n en el n\u00facleo de 950 N\/mm2 como m\u00ednimo<sup>2<\/sup><br><strong>Acabado:&nbsp;<\/strong>Cementado HRC 58+ 2 (HV 700 + 50) Profundidad de cementaci\u00f3n 0,8 mm + 0,2 mm<br><strong>Precisi\u00f3n:&nbsp;<\/strong>\u00c1ngulo c\u00f3nico - calidad de tolerancia AT 3 seg\u00fan DIN 2080 Rugosidad superficial del cono m\u00e1x. 0,001 mm<\/p>\n\n<\/div><\/div>\n\n<div class=\"gb-container gb-container-453ddd38\"><div class=\"gb-inside-container\">\n\n<div class=\"wp-block-columns is-layout-flex wp-container-core-columns-is-layout-9d6595d7 wp-block-columns-is-layout-flex\">\n<div class=\"wp-block-column is-layout-flow wp-block-column-is-layout-flow\">\n<h3 class=\"wp-block-heading\">Experiencia, fiabilidad y flexibilidad<\/h3>\n\n\n\n<p>A lo largo de todo el proceso de producci\u00f3n, trabajamos siguiendo las normas de calidad m\u00e1s exigentes para garantizar que nuestros productos sean siempre de la m\u00e1xima calidad. Desde la adquisici\u00f3n de materias primas hasta la fabricaci\u00f3n de productos y la entrega a nuestros clientes, todo el proceso est\u00e1 sujeto a un minucioso control de calidad.<br>Todo el proceso est\u00e1 respaldado por un eficaz sistema de gesti\u00f3n de la calidad, certificado seg\u00fan la norma ISO 9001:2015.<\/p>\n<\/div>\n\n\n\n<div class=\"wp-block-column is-layout-flow wp-block-column-is-layout-flow\">\n<figure class=\"wp-block-image size-full\"><img loading=\"lazy\" decoding=\"async\" width=\"480\" height=\"530\" src=\"http:\/\/klc-trade.de\/wp-content\/uploads\/2022\/10\/stacks-image-d8ef0fd.jpg\" alt=\"\" class=\"wp-image-115\" srcset=\"https:\/\/klc-trade.de\/wp-content\/uploads\/2022\/10\/stacks-image-d8ef0fd.jpg 480w, https:\/\/klc-trade.de\/wp-content\/uploads\/2022\/10\/stacks-image-d8ef0fd-272x300.jpg 272w\" sizes=\"auto, (max-width: 480px) 100vw, 480px\" \/><\/figure>\n<\/div>\n<\/div>\n\n<\/div><\/div>","protected":false},"excerpt":{"rendered":"<p>Material: Acero cementado aleado con una resistencia a la tracci\u00f3n en el n\u00facleo de al menos 950 N\/mm2 Dise\u00f1o: Cementado HRC 58+ 2 (HV 700 + 50) Profundidad de dureza 0,8 mm + 0,2 mm Precisi\u00f3n: \u00c1ngulo c\u00f3nico - tolerancia calidad AT 3 seg\u00fan DIN 2080 Rugosidad superficial del cono m\u00e1x. 0,001 mm Experimentados, fiables y flexibles A lo largo de todo el proceso de producci\u00f3n, trabajamos con los m\u00e1s altos est\u00e1ndares de calidad para ... <a title=\"Calidad\" class=\"read-more\" href=\"https:\/\/klc-trade.de\/es\/calidad\/\" aria-label=\"Leer m\u00e1s sobre Calidad\">Leer m\u00e1s ...<\/a><\/p>","protected":false},"author":1,"featured_media":0,"parent":0,"menu_order":0,"comment_status":"closed","ping_status":"closed","template":"","meta":{"_acf_changed":false,"slim_seo":{"title":"Calidad - SOLUCIONES para m\u00e1quinas CNC","description":""},"footnotes":""},"class_list":["post-36","page","type-page","status-publish"],"acf":[],"_links":{"self":[{"href":"https:\/\/klc-trade.de\/es\/wp-json\/wp\/v2\/pages\/36","targetHints":{"allow":["GET"]}}],"collection":[{"href":"https:\/\/klc-trade.de\/es\/wp-json\/wp\/v2\/pages"}],"about":[{"href":"https:\/\/klc-trade.de\/es\/wp-json\/wp\/v2\/types\/page"}],"author":[{"embeddable":true,"href":"https:\/\/klc-trade.de\/es\/wp-json\/wp\/v2\/users\/1"}],"replies":[{"embeddable":true,"href":"https:\/\/klc-trade.de\/es\/wp-json\/wp\/v2\/comments?post=36"}],"version-history":[{"count":9,"href":"https:\/\/klc-trade.de\/es\/wp-json\/wp\/v2\/pages\/36\/revisions"}],"predecessor-version":[{"id":849,"href":"https:\/\/klc-trade.de\/es\/wp-json\/wp\/v2\/pages\/36\/revisions\/849"}],"wp:attachment":[{"href":"https:\/\/klc-trade.de\/es\/wp-json\/wp\/v2\/media?parent=36"}],"curies":[{"name":"wp","href":"https:\/\/api.w.org\/{rel}","templated":true}]}}