{"id":35,"date":"2022-10-31T17:15:31","date_gmt":"2022-10-31T16:15:31","guid":{"rendered":"https:\/\/klc-trade.de\/?page_id=35"},"modified":"2023-01-04T09:34:45","modified_gmt":"2023-01-04T08:34:45","slug":"grupos-de-productos","status":"publish","type":"page","link":"https:\/\/klc-trade.de\/es\/grupos-de-productos\/","title":{"rendered":"Productos"},"content":{"rendered":"<div class=\"gb-container gb-container-098b7dbe\"><div class=\"gb-inside-container\">\n\n<h2 class=\"gb-headline gb-headline-77482f60 gb-headline-text\"><strong><strong>Grupos de productos<\/strong><\/strong><\/h2>\n\n<\/div><\/div>\n\n<div class=\"gb-container gb-container-d5415ea9\"><div class=\"gb-inside-container\">\n\n<div class=\"wp-block-columns is-layout-flex wp-container-core-columns-is-layout-9d6595d7 wp-block-columns-is-layout-flex\">\n<div class=\"wp-block-column is-layout-flow wp-block-column-is-layout-flow\"><div class=\"gb-container gb-container-3e689185\"><a class=\"gb-container-link\" href=\"https:\/\/klc-trade.de\/es\/grupos-de-productos\/sk-din-iso-7388-1-ad-din-69871\/\" aria-label=\"sk-din-iso-7388-1-ad-din-69871\"><\/a><div class=\"gb-inside-container\">\n\n<figure class=\"wp-block-image size-full\"><img loading=\"lazy\" decoding=\"async\" width=\"320\" height=\"251\" src=\"http:\/\/klc-trade.de\/wp-content\/uploads\/2022\/10\/stacks-image-a9693b4.jpg\" alt=\"\" class=\"wp-image-160\" srcset=\"https:\/\/klc-trade.de\/wp-content\/uploads\/2022\/10\/stacks-image-a9693b4.jpg 320w, https:\/\/klc-trade.de\/wp-content\/uploads\/2022\/10\/stacks-image-a9693b4-300x235.jpg 300w\" sizes=\"auto, (max-width: 320px) 100vw, 320px\" \/><\/figure>\n\n\n<div class=\"gb-container gb-container-0f5eccf3\"><div class=\"gb-inside-container\">\n\n<h4 class=\"wp-block-heading\"><strong>SK DIN ISO 7388-1 AD<br>(SK DIN 69871)<\/strong><\/h4>\n\n<\/div><\/div>\n<\/div><\/div><\/div>\n\n\n\n<div class=\"wp-block-column is-layout-flow wp-block-column-is-layout-flow\"><div class=\"gb-container gb-container-324b1a30\"><a class=\"gb-container-link\" href=\"https:\/\/klc-trade.de\/es\/grupos-de-productos\/bt-din-iso-7388-2-ad-jis-b-6339-mas-403-bt\/\" aria-label=\"bt-din-iso-7388-2-ad-jis-b-6339-mas-403-bt\"><\/a><div class=\"gb-inside-container\">\n\n<figure class=\"wp-block-image size-full\"><img loading=\"lazy\" decoding=\"async\" width=\"320\" height=\"251\" src=\"http:\/\/klc-trade.de\/wp-content\/uploads\/2022\/10\/stacks-image-5d86acb.jpg\" alt=\"\" class=\"wp-image-176\" srcset=\"https:\/\/klc-trade.de\/wp-content\/uploads\/2022\/10\/stacks-image-5d86acb.jpg 320w, https:\/\/klc-trade.de\/wp-content\/uploads\/2022\/10\/stacks-image-5d86acb-300x235.jpg 300w\" sizes=\"auto, (max-width: 320px) 100vw, 320px\" \/><\/figure>\n\n\n<div class=\"gb-container gb-container-318385dc\"><div class=\"gb-inside-container\">\n\n<h4 class=\"wp-block-heading\"><strong>BT DIN ISO 7388-2 AD (JIS B 6339 MAS 403 BT)<\/strong><\/h4>\n\n<\/div><\/div>\n<\/div><\/div><\/div>\n\n\n\n<div class=\"wp-block-column is-layout-flow wp-block-column-is-layout-flow\"><div class=\"gb-container gb-container-6e90de5a\"><a class=\"gb-container-link\" href=\"https:\/\/klc-trade.de\/es\/grupos-de-productos\/hsk-iso-12164-1din-69893-1\/\" aria-label=\"hsk-iso-12164-1din-69893-1\"><\/a><div class=\"gb-inside-container\">\n\n<figure class=\"wp-block-image size-full\"><img loading=\"lazy\" decoding=\"async\" width=\"320\" height=\"251\" src=\"http:\/\/klc-trade.de\/wp-content\/uploads\/2022\/10\/stacks-image-2f8e238-1.jpg\" alt=\"\" class=\"wp-image-193\" srcset=\"https:\/\/klc-trade.de\/wp-content\/uploads\/2022\/10\/stacks-image-2f8e238-1.jpg 320w, https:\/\/klc-trade.de\/wp-content\/uploads\/2022\/10\/stacks-image-2f8e238-1-300x235.jpg 300w\" sizes=\"auto, (max-width: 320px) 100vw, 320px\" \/><\/figure>\n\n\n<div class=\"gb-container gb-container-c670a840\"><div class=\"gb-inside-container\">\n\n<h4 class=\"wp-block-heading\"><strong>HSK ISO 12164-1<br>(DIN 69893-1)<\/strong><\/h4>\n\n<\/div><\/div>\n<\/div><\/div><\/div>\n<\/div>\n\n<\/div><\/div>\n\n<div class=\"gb-container gb-container-a715c74f\"><div class=\"gb-inside-container\">\n\n<div class=\"wp-block-columns is-layout-flex wp-container-core-columns-is-layout-9d6595d7 wp-block-columns-is-layout-flex\">\n<div class=\"wp-block-column is-layout-flow wp-block-column-is-layout-flow\"><div class=\"gb-container gb-container-73948f5d\"><a class=\"gb-container-link\" href=\"https:\/\/klc-trade.de\/es\/grupos-de-productos\/din-2080-sk\/\" aria-label=\"din-2080-sk\/\"><\/a><div class=\"gb-inside-container\">\n\n<figure class=\"wp-block-image size-full\"><img loading=\"lazy\" decoding=\"async\" width=\"320\" height=\"251\" src=\"http:\/\/klc-trade.de\/wp-content\/uploads\/2022\/10\/stacks-image-8d04dde.jpg\" alt=\"\" class=\"wp-image-198\" srcset=\"https:\/\/klc-trade.de\/wp-content\/uploads\/2022\/10\/stacks-image-8d04dde.jpg 320w, https:\/\/klc-trade.de\/wp-content\/uploads\/2022\/10\/stacks-image-8d04dde-300x235.jpg 300w\" sizes=\"auto, (max-width: 320px) 100vw, 320px\" \/><\/figure>\n\n\n<div class=\"gb-container gb-container-1c37ebc6\"><div class=\"gb-inside-container\">\n\n<h4 class=\"wp-block-heading\"><strong>DIN 2080 SK<\/strong><\/h4>\n\n<\/div><\/div>\n<\/div><\/div><\/div>\n\n\n\n<div class=\"wp-block-column is-layout-flow wp-block-column-is-layout-flow\"><div class=\"gb-container gb-container-d292c7c2\"><a class=\"gb-container-link\" href=\"https:\/\/klc-trade.de\/es\/grupos-de-productos\/accesorios\/\" aria-label=\"accesorios\"><\/a><div class=\"gb-inside-container\">\n\n<figure class=\"wp-block-image size-full\"><img loading=\"lazy\" decoding=\"async\" width=\"320\" height=\"251\" src=\"http:\/\/klc-trade.de\/wp-content\/uploads\/2022\/10\/stacks-image-8142c1c.jpg\" alt=\"\" class=\"wp-image-204\" srcset=\"https:\/\/klc-trade.de\/wp-content\/uploads\/2022\/10\/stacks-image-8142c1c.jpg 320w, https:\/\/klc-trade.de\/wp-content\/uploads\/2022\/10\/stacks-image-8142c1c-300x235.jpg 300w\" sizes=\"auto, (max-width: 320px) 100vw, 320px\" \/><\/figure>\n\n\n<div class=\"gb-container gb-container-4bb41da8\"><div class=\"gb-inside-container\">\n\n<h4 class=\"wp-block-heading\"><strong>Accesorios<br>Accesorios<\/strong><\/h4>\n\n<\/div><\/div>\n<\/div><\/div><\/div>\n\n\n\n<div class=\"wp-block-column is-layout-flow wp-block-column-is-layout-flow\"><\/div>\n<\/div>\n\n<\/div><\/div>\n\n<div class=\"gb-container gb-container-9149766d\"><div class=\"gb-inside-container\">\n\n<h2 class=\"wp-block-heading\">KLC Trade fabrica en funci\u00f3n de la demanda<\/h2>\n\n\n\n<p>No importa en qu\u00e9 cantidad necesite su producto. Lo recibir\u00e1 a corto plazo, en alta calidad y siempre en condiciones justas, por ejemplo:<\/p>\n\n\n\n<ul class=\"wp-block-list\">\n<li>Portaherramientas est\u00e1ndar<\/li>\n\n\n\n<li>En blanco<\/li>\n\n\n\n<li>Herramientas especiales<\/li>\n<\/ul>\n\n<\/div><\/div>","protected":false},"excerpt":{"rendered":"<p>Grupos de productos SK DIN ISO 7388-1 AD(SK DIN 69871) BT DIN ISO 7388-2 AD (JIS B 6339 MAS 403 BT) HSK ISO 12164-1(DIN 69893-1) DIN 2080 SK AccesoriosAccesorios KLC Trade fabrica seg\u00fan demanda No importa en qu\u00e9 cantidad necesite su producto. Lo recibir\u00e1 a corto plazo, en alta calidad y siempre en condiciones justas, p. ej:<\/p>","protected":false},"author":1,"featured_media":0,"parent":0,"menu_order":0,"comment_status":"closed","ping_status":"closed","template":"","meta":{"_acf_changed":false,"slim_seo":{"title":"Productos - SOLUCIONES para m\u00e1quinas CNC","description":""},"footnotes":""},"class_list":["post-35","page","type-page","status-publish"],"acf":[],"_links":{"self":[{"href":"https:\/\/klc-trade.de\/es\/wp-json\/wp\/v2\/pages\/35","targetHints":{"allow":["GET"]}}],"collection":[{"href":"https:\/\/klc-trade.de\/es\/wp-json\/wp\/v2\/pages"}],"about":[{"href":"https:\/\/klc-trade.de\/es\/wp-json\/wp\/v2\/types\/page"}],"author":[{"embeddable":true,"href":"https:\/\/klc-trade.de\/es\/wp-json\/wp\/v2\/users\/1"}],"replies":[{"embeddable":true,"href":"https:\/\/klc-trade.de\/es\/wp-json\/wp\/v2\/comments?post=35"}],"version-history":[{"count":10,"href":"https:\/\/klc-trade.de\/es\/wp-json\/wp\/v2\/pages\/35\/revisions"}],"predecessor-version":[{"id":903,"href":"https:\/\/klc-trade.de\/es\/wp-json\/wp\/v2\/pages\/35\/revisions\/903"}],"wp:attachment":[{"href":"https:\/\/klc-trade.de\/es\/wp-json\/wp\/v2\/media?parent=35"}],"curies":[{"name":"wp","href":"https:\/\/api.w.org\/{rel}","templated":true}]}}