{"id":34,"date":"2022-10-31T17:15:31","date_gmt":"2022-10-31T16:15:31","guid":{"rendered":"https:\/\/klc-trade.de\/?page_id=34"},"modified":"2023-07-05T11:46:15","modified_gmt":"2023-07-05T09:46:15","slug":"empresa","status":"publish","type":"page","link":"https:\/\/klc-trade.de\/es\/empresa\/","title":{"rendered":"Empresa"},"content":{"rendered":"<div class=\"gb-container gb-container-6060bbc5\"><div class=\"gb-inside-container\">\n\n<h1 class=\"gb-headline gb-headline-b4ab75bf gb-headline-text\">Empresa<\/h1>\n\n<\/div><\/div>\n\n<div class=\"gb-container gb-container-49cbec98\"><div class=\"gb-inside-container\">\n\n<div class=\"wp-block-columns is-layout-flex wp-container-core-columns-is-layout-9d6595d7 wp-block-columns-is-layout-flex\">\n<div class=\"wp-block-column is-layout-flow wp-block-column-is-layout-flow\" style=\"flex-basis:66.66%\">\n<h3 class=\"wp-block-heading\">A qu\u00e9 prestamos atenci\u00f3n y qu\u00e9 valoramos<\/h3>\n\n\n\n<p class=\"translation-block\">Los servicios y <a href=\"https:\/\/klc-trade.de\/es\/produkte\/\" data-type=\"page\" data-id=\"35\" target=\"_self\">productos de KLC Trade GmbH<\/a> incluyen tanto piezas individuales como componentes completos para todos los aspectos de la ingenier\u00eda mec\u00e1nica.<\/p>\n\n\n\n<h4 class=\"wp-block-heading\">\u00bfCu\u00e1les son las ventajas para usted como cliente nuestro?<\/h4>\n\n\n\n<p class=\"translation-block\">Esta es la pregunta a la que nos enfrentamos continuamente. Una de nuestras principales competencias es el suministro de las piezas torneadas o fresadas y portaherramientas deseados en diversas formas, como SK, BT y HSK. Los productos se fabrican en centros de mecanizado CNC de \u00faltima generaci\u00f3n. Ofrecemos piezas torneadas y fresadas en varios tama\u00f1os. Esto significa que tambi\u00e9n podemos suministrar la soluci\u00f3n adecuada para dimensiones especiales. Las piezas torneadas y fresadas est\u00e1n disponibles en casi todas las dimensiones y especificaciones. S\u00f3lo tiene que hacernos su <a href=\"https:\/\/klc-trade.de\/es\/pongase-en-contacto-con\/\" data-type=\"page\" data-id=\"37\" target=\"_self\">consulta individual<\/a> en di\u00e1metro y longitud. <strong>Hacemos realidad sus deseos.<\/strong><\/p>\n\n\n\n<h4 class=\"wp-block-heading\">Somos fabricantes y proveedores<\/h4>\n\n\n\n<p class=\"translation-block\">Fabricamos y suministramos productos de casi todos los materiales mecanizables, como acero, acero inoxidable o metales no f\u00e9rricos, totalmente adaptados a sus necesidades. Trabajamos en la obtenci\u00f3n y el procesamiento de los materiales deseados. Porque con nosotros, \u00a1usted es el centro de atenci\u00f3n! <strong>Tenemos en cuenta sus requisitos<\/strong> en materia de protecci\u00f3n contra la corrosi\u00f3n, el desgaste y el envejecimiento y le ofrecemos diversas formas de tratamiento superficial para las piezas torneadas y fresadas suministradas.<\/p>\n\n\n\n<h4 class=\"wp-block-heading\">Le ofrecemos flexibilidad, calidad, precisi\u00f3n y rapidez<\/h4>\n\n\n\n<p class=\"translation-block\">Desde la oferta inicial hasta la tramitaci\u00f3n del pedido con entrega puntual: con nosotros lo obtiene todo de un mismo proveedor. Con esta idea en mente, dise\u00f1amos nuestros procesos para que sean especialmente fiables y eficientes. KLC Trade garantiza el uso cuidadoso de los recursos naturales. Puede confiar en nuestros <a href=\"https:\/\/klc-trade.de\/es\/calidad\/\" data-type=\"page\" data-id=\"36\" target=\"_self\">elevados est\u00e1ndares<\/a> y en las altas exigencias que nos imponemos a nosotros mismos en todas las fases de nuestra cooperaci\u00f3n.<\/p>\n\n\n\n<p class=\"translation-block\">P\u00f3ngase en <a href=\"https:\/\/klc-trade.de\/es\/pongase-en-contacto-con\/\" data-type=\"page\" data-id=\"37\" target=\"_self\">contacto<\/a> con nosotros en el tel\u00e9fono <strong>+49 (0) 7072 2088600<\/strong> y d\u00e9jenos convencerle de nuestra eficiencia. Benef\u00edciese de nuestra experiencia.<\/p>\n<\/div>\n\n\n\n<div class=\"wp-block-column is-layout-flow wp-block-column-is-layout-flow\" style=\"flex-basis:33.33%\">\n<figure class=\"wp-block-image size-large\"><img loading=\"lazy\" decoding=\"async\" width=\"768\" height=\"1024\" src=\"http:\/\/klc-trade.de\/wp-content\/uploads\/2022\/10\/stacks-image-b217a56-900x1200-1-768x1024.jpg\" alt=\"\" class=\"wp-image-78\" srcset=\"https:\/\/klc-trade.de\/wp-content\/uploads\/2022\/10\/stacks-image-b217a56-900x1200-1-768x1024.jpg 768w, https:\/\/klc-trade.de\/wp-content\/uploads\/2022\/10\/stacks-image-b217a56-900x1200-1-225x300.jpg 225w, https:\/\/klc-trade.de\/wp-content\/uploads\/2022\/10\/stacks-image-b217a56-900x1200-1.jpg 900w\" sizes=\"auto, (max-width: 768px) 100vw, 768px\" \/><\/figure>\n\n\n\n<blockquote class=\"wp-block-quote is-style-default is-layout-flow wp-block-quote-is-layout-flow\">\n<p><em>Todo tiene que encajar, tanto en nuestros productos como en la cooperaci\u00f3n con nuestros clientes y socios. Esto es lo que entendemos por trasladar la tradici\u00f3n a la era moderna.<\/em><\/p>\n<cite>Kivanc Kilic,<br>socio director<\/cite><\/blockquote>\n<\/div>\n<\/div>\n\n<\/div><\/div>","protected":false},"excerpt":{"rendered":"<p>Empresa A qu\u00e9 prestamos atenci\u00f3n y qu\u00e9 valoramos Los servicios y productos de KLC Trade GmbH incluyen piezas individuales y componentes completos para todos los aspectos de la ingenier\u00eda mec\u00e1nica. \u00bfCu\u00e1les son las ventajas para usted como cliente nuestro? Esta es una pregunta que nos planteamos constantemente. Una de nuestras competencias principales es el suministro de las piezas torneadas o fresadas y portaherramientas necesarios en ... <a title=\"Empresa\" class=\"read-more\" href=\"https:\/\/klc-trade.de\/es\/empresa\/\" aria-label=\"Leer m\u00e1s sobre Empresa\">Leer m\u00e1s ...<\/a><\/p>","protected":false},"author":1,"featured_media":0,"parent":0,"menu_order":0,"comment_status":"closed","ping_status":"closed","template":"","meta":{"_acf_changed":false,"slim_seo":{"title":"Empresa - SOLUCIONES para m\u00e1quinas CNC","description":""},"footnotes":""},"class_list":["post-34","page","type-page","status-publish"],"acf":[],"_links":{"self":[{"href":"https:\/\/klc-trade.de\/es\/wp-json\/wp\/v2\/pages\/34","targetHints":{"allow":["GET"]}}],"collection":[{"href":"https:\/\/klc-trade.de\/es\/wp-json\/wp\/v2\/pages"}],"about":[{"href":"https:\/\/klc-trade.de\/es\/wp-json\/wp\/v2\/types\/page"}],"author":[{"embeddable":true,"href":"https:\/\/klc-trade.de\/es\/wp-json\/wp\/v2\/users\/1"}],"replies":[{"embeddable":true,"href":"https:\/\/klc-trade.de\/es\/wp-json\/wp\/v2\/comments?post=34"}],"version-history":[{"count":6,"href":"https:\/\/klc-trade.de\/es\/wp-json\/wp\/v2\/pages\/34\/revisions"}],"predecessor-version":[{"id":1132,"href":"https:\/\/klc-trade.de\/es\/wp-json\/wp\/v2\/pages\/34\/revisions\/1132"}],"wp:attachment":[{"href":"https:\/\/klc-trade.de\/es\/wp-json\/wp\/v2\/media?parent=34"}],"curies":[{"name":"wp","href":"https:\/\/api.w.org\/{rel}","templated":true}]}}