{"id":15,"date":"2022-10-31T16:37:07","date_gmt":"2022-10-31T15:37:07","guid":{"rendered":"https:\/\/klc-trade.de\/?page_id=15"},"modified":"2024-07-05T07:38:35","modified_gmt":"2024-07-05T05:38:35","slug":"inicio","status":"publish","type":"page","link":"https:\/\/klc-trade.de\/es\/","title":{"rendered":"Bienvenido"},"content":{"rendered":"<div class=\"gb-container gb-container-6060bbc5\"><div class=\"gb-inside-container\">\n\n<h1 class=\"gb-headline gb-headline-b4ab75bf gb-headline-text\">Bienvenido a KLC Trade GmbH<\/h1>\n\n<\/div><\/div>\n\n<div class=\"gb-container gb-container-c16d187e\"><div class=\"gb-inside-container\">\n\n<div class=\"wp-block-columns is-layout-flex wp-container-core-columns-is-layout-9d6595d7 wp-block-columns-is-layout-flex\">\n<div class=\"wp-block-column is-layout-flow wp-block-column-is-layout-flow\" style=\"flex-basis:66.66%\">\n<p class=\"translation-block\">Como fabricante y proveedor de <a href=\"https:\/\/klc-trade.de\/es\/grupos-de-productos\/\" data-type=\"page\" data-id=\"35\" target=\"_self\">portaherramientas\u00a0<\/a> para centros de mecanizado y fresadoras, as\u00ed como de piezas de torneado y fresado, somos socios de los principales proveedores de sistemas de herramientas para el corte de metales. Entre otras cosas, ofrecemos un programa completo de  <a href=\"https:\/\/klc-trade.de\/es\/grupos-de-productos\/\" data-type=\"page\" data-id=\"35\" target=\"_self\">portaherramientas <\/a> de la m\u00e1xima precisi\u00f3n.<\/p>\n\n\n\n<p>Somos capaces de fabricar y suministrar numerosos componentes y accesorios diferentes conforme a las normas de calidad alemanas, de forma r\u00e1pida y flexible y de acuerdo con sus requisitos. En este sentido, podemos confiar en m\u00e1s de 20 a\u00f1os de experiencia en fabricaci\u00f3n y ventas, al igual que usted.<\/p>\n\n\n\n<p class=\"translation-block\">Como <a href=\"https:\/\/klc-trade.de\/es\/empresa\/\" data-type=\"page\" data-id=\"34\" target=\"_self\">competente proveedor de servicios<\/a>, KLC Trade ofrece soluciones para la construcci\u00f3n de herramientas y m\u00e1quinas, la industria automovil\u00edstica, la fabricaci\u00f3n de moldes, en una palabra, las industrias prometedoras.<\/p>\n\n\n\n<p>Para ello, asumimos todo el trabajo necesario para la realizaci\u00f3n profesional de su pedido. Un alto grado de integraci\u00f3n vertical garantiza tiempos de producci\u00f3n cortos con la m\u00e1xima calidad.<\/p>\n<\/div>\n\n\n\n<div class=\"wp-block-column is-layout-flow wp-block-column-is-layout-flow\" style=\"flex-basis:33.33%\">\n<figure class=\"wp-block-image size-large\"><img loading=\"lazy\" decoding=\"async\" width=\"1024\" height=\"1024\" src=\"http:\/\/klc-trade.de\/wp-content\/uploads\/2022\/10\/stacks-image-7cda9aa-1200x1200-1-1024x1024.jpg\" alt=\"\" class=\"wp-image-57\" srcset=\"https:\/\/klc-trade.de\/wp-content\/uploads\/2022\/10\/stacks-image-7cda9aa-1200x1200-1-1024x1024.jpg 1024w, https:\/\/klc-trade.de\/wp-content\/uploads\/2022\/10\/stacks-image-7cda9aa-1200x1200-1-300x300.jpg 300w, https:\/\/klc-trade.de\/wp-content\/uploads\/2022\/10\/stacks-image-7cda9aa-1200x1200-1-150x150.jpg 150w, https:\/\/klc-trade.de\/wp-content\/uploads\/2022\/10\/stacks-image-7cda9aa-1200x1200-1-768x768.jpg 768w, https:\/\/klc-trade.de\/wp-content\/uploads\/2022\/10\/stacks-image-7cda9aa-1200x1200-1.jpg 1200w\" sizes=\"auto, (max-width: 1024px) 100vw, 1024px\" \/><\/figure>\n<\/div>\n<\/div>\n\n<\/div><\/div>","protected":false},"excerpt":{"rendered":"<p>Bienvenido a KLC Trade GmbH Como fabricante y proveedor de portaherramientas para centros de mecanizado y fresadoras, as\u00ed como para piezas torneadas y fresadas, somos socios de los principales proveedores de sistemas de herramientas para el corte de metales. Entre otras cosas, ofrecemos un programa completo de portaherramientas de alta precisi\u00f3n. Podemos personalizar de forma r\u00e1pida y flexible muchos componentes y accesorios diferentes seg\u00fan sus necesidades. <a title=\"Bienvenido\" class=\"read-more\" href=\"https:\/\/klc-trade.de\/es\/\" aria-label=\"Leer m\u00e1s sobre Bienvenidos\">Leer m\u00e1s ...<\/a><\/p>","protected":false},"author":1,"featured_media":0,"parent":0,"menu_order":0,"comment_status":"closed","ping_status":"closed","template":"","meta":{"_acf_changed":false,"slim_seo":{"title":"SOLUCIONES para m\u00e1quinas CNC - calidad de fabricaci\u00f3n propia","description":""},"footnotes":""},"class_list":["post-15","page","type-page","status-publish"],"acf":[],"_links":{"self":[{"href":"https:\/\/klc-trade.de\/es\/wp-json\/wp\/v2\/pages\/15","targetHints":{"allow":["GET"]}}],"collection":[{"href":"https:\/\/klc-trade.de\/es\/wp-json\/wp\/v2\/pages"}],"about":[{"href":"https:\/\/klc-trade.de\/es\/wp-json\/wp\/v2\/types\/page"}],"author":[{"embeddable":true,"href":"https:\/\/klc-trade.de\/es\/wp-json\/wp\/v2\/users\/1"}],"replies":[{"embeddable":true,"href":"https:\/\/klc-trade.de\/es\/wp-json\/wp\/v2\/comments?post=15"}],"version-history":[{"count":11,"href":"https:\/\/klc-trade.de\/es\/wp-json\/wp\/v2\/pages\/15\/revisions"}],"predecessor-version":[{"id":1153,"href":"https:\/\/klc-trade.de\/es\/wp-json\/wp\/v2\/pages\/15\/revisions\/1153"}],"wp:attachment":[{"href":"https:\/\/klc-trade.de\/es\/wp-json\/wp\/v2\/media?parent=15"}],"curies":[{"name":"wp","href":"https:\/\/api.w.org\/{rel}","templated":true}]}}